{"id":1678,"date":"2024-02-02T23:28:26","date_gmt":"2024-02-02T22:28:26","guid":{"rendered":"https:\/\/zarabiamonline.com\/?page_id=1678"},"modified":"2024-02-04T22:57:00","modified_gmt":"2024-02-04T21:57:00","slug":"dla-twojej-firmy","status":"publish","type":"page","link":"https:\/\/zarabiamonline.com\/index.php\/dla-twojej-firmy\/","title":{"rendered":"Dla twojej firmy"},"content":{"rendered":"\n<p><strong>Ranking kont firmowych<\/strong><\/p>\n\n\n\n<p>Ka\u017cdy, kto prowadzi w\u0142asn\u0105 dzia\u0142alno\u015b\u0107 gospodarcz\u0105, potrzebuje konta bankowego. Jest to niezb\u0119dne narz\u0119dzie w prowadzeniu biznesu. Wyb\u00f3r odpowiedniego konta nie nale\u017cy do \u0142atwych, a ka\u017cdy przedsi\u0119biorca ma inne potrzeby. Dzi\u0119ki poni\u017cszemu zestawieniu mo\u017cesz wybra\u0107 najlepsz\u0105 ofert\u0119 dla twojej firmy, bez wychodzenia z domu. <\/p>\n\n\n\n<p>Poni\u017cej znajdziesz r\u00f3wnie\u017c informacje na temat kredyt\u00f3w dla firm oraz innych us\u0142ug dla firm.<\/p>\n\n\n\n<script type=\"text\/javascript\" src=\"https:\/\/api.systempartnerski.pl\/2.0\/widget\/FO3TW8hOfUUmklUNlGh\/\"><\/script>\n\n\n\n<p><strong>Kredyty dla firm<\/strong><\/p>\n\n\n\n<script type=\"text\/javascript\" src=\"https:\/\/api.systempartnerski.pl\/2.0\/widget\/MUHTUX8iwBd6ucnJI0N\/\"><\/script>\n\n\n\n<p><strong>Faktoring<\/strong><\/p>\n\n\n\n<script type=\"text\/javascript\" src=\"https:\/\/api.systempartnerski.pl\/2.0\/widget\/dQTBfEx4NTqS0K120Cv\/\"><\/script>\n\n\n\n<p><strong>Us\u0142ugi dla firm<\/strong><\/p>\n\n\n\n<script type=\"text\/javascript\" src=\"https:\/\/api.systempartnerski.pl\/2.0\/widget\/OUK5Y5RzuFE0g4YL3Qb\/\"><\/script>\n","protected":false},"excerpt":{"rendered":"<p>Ranking kont firmowych Ka\u017cdy, kto prowadzi w\u0142asn\u0105 dzia\u0142alno\u015b\u0107 gospodarcz\u0105, potrzebuje konta bankowego. Jest to niezb\u0119dne narz\u0119dzie w prowadzeniu biznesu. Wyb\u00f3r odpowiedniego konta nie nale\u017cy do \u0142atwych, a ka\u017cdy przedsi\u0119biorca ma inne potrzeby. Dzi\u0119ki poni\u017cszemu zestawieniu mo\u017cesz wybra\u0107 najlepsz\u0105 ofert\u0119 dla twojej firmy, bez wychodzenia z domu. Poni\u017cej znajdziesz r\u00f3wnie\u017c informacje na temat kredyt\u00f3w dla firm [&hellip;]<\/p>\n","protected":false},"author":1,"featured_media":0,"parent":0,"menu_order":0,"comment_status":"closed","ping_status":"closed","template":"","meta":{"footnotes":""},"class_list":["post-1678","page","type-page","status-publish","hentry"],"_links":{"self":[{"href":"https:\/\/zarabiamonline.com\/index.php\/wp-json\/wp\/v2\/pages\/1678","targetHints":{"allow":["GET"]}}],"collection":[{"href":"https:\/\/zarabiamonline.com\/index.php\/wp-json\/wp\/v2\/pages"}],"about":[{"href":"https:\/\/zarabiamonline.com\/index.php\/wp-json\/wp\/v2\/types\/page"}],"author":[{"embeddable":true,"href":"https:\/\/zarabiamonline.com\/index.php\/wp-json\/wp\/v2\/users\/1"}],"replies":[{"embeddable":true,"href":"https:\/\/zarabiamonline.com\/index.php\/wp-json\/wp\/v2\/comments?post=1678"}],"version-history":[{"count":11,"href":"https:\/\/zarabiamonline.com\/index.php\/wp-json\/wp\/v2\/pages\/1678\/revisions"}],"predecessor-version":[{"id":1694,"href":"https:\/\/zarabiamonline.com\/index.php\/wp-json\/wp\/v2\/pages\/1678\/revisions\/1694"}],"wp:attachment":[{"href":"https:\/\/zarabiamonline.com\/index.php\/wp-json\/wp\/v2\/media?parent=1678"}],"curies":[{"name":"wp","href":"https:\/\/api.w.org\/{rel}","templated":true}]}}