{"id":41,"date":"2023-01-07T00:25:29","date_gmt":"2023-01-06T23:25:29","guid":{"rendered":"http:\/\/zarabiamonline.com\/?page_id=41"},"modified":"2026-01-10T23:43:02","modified_gmt":"2026-01-10T22:43:02","slug":"ubezpieczenia","status":"publish","type":"page","link":"https:\/\/zarabiamonline.com\/index.php\/ubezpieczenia\/","title":{"rendered":"Ubezpieczenia"},"content":{"rendered":"\n<p><strong>Programy partnerskie \u2013 droga, od kt\u00f3rej zaczyna\u0142o wielu<\/strong><br>Programy partnerskie to jedna z opcji na rozpocz\u0119cie zarobku w Internecie. Co wi\u0119cej, kiedy oka\u017ce si\u0119, \u017ce znajdziemy skuteczne metody promocji poszczeg\u00f3lnych produkt\u00f3w i us\u0142ug, programy partnerskie mog\u0105 sta\u0107 si\u0119 \u017ar\u00f3d\u0142em powa\u017cnego dochodu. Pokazuje to wiele program\u00f3w partnerskich sprawdzonych produkt\u00f3w, kt\u00f3re ciesz\u0105 si\u0119 du\u017cym zainteresowaniem.<br>R\u00f3wnie\u017c nisze, takie jak produkty zwi\u0105zane z suplementacj\u0105 to bardzo ciekawe opcje, kt\u00f3re nagradzane s\u0105 bardzo wysokimi prowizjami, kt\u00f3re mo\u017cemy prze\u0142o\u017cy\u0107 na super zarobki, je\u015bli tylko b\u0119dziemy sumiennie przyk\u0142ada\u0107 si\u0119 do promocji poszczeg\u00f3lnych firm i ich produkt\u00f3w lub us\u0142ug.<\/p>\n\n\n\n<p><strong>Modele rozlicze\u0144<\/strong><\/p>\n\n\n\n<p><strong>CPA<\/strong>&nbsp;\u2013 Ten model rozlicze\u0144 charakteryzuje si\u0119 najwy\u017cszymi stawkami dochodz\u0105cymi do kilku tysi\u0119cy z\u0142otych. Wynagrodzenie otrzymujemy za ka\u017cdego klienta kt\u00f3ry np. dzi\u0119ki naszemu poleceniu we\u017amie po\u017cyczk\u0119.<\/p>\n\n\n\n<p><strong>CPL<\/strong>&nbsp;\u2013 Wynagrodzenie przyznawane za pozyskanie klienta. Klient musi za\u0142o\u017cy\u0107 konto na portalu internetowym lub poda\u0107 swoje dane i zgodzi\u0107 si\u0119 na kontakt. Otrzymujemy ustalon\u0105 kwot\u0119 za ka\u017cdego pozyskanego klienta.<\/p>\n\n\n\n<p><strong>CPS<\/strong>&nbsp;\u2013 Wynagrodzenie otrzymujemy za ka\u017cdego klienta kt\u00f3ry zrobi zakupy dzi\u0119ki naszemu poleceniu. Ten model rozlicze\u0144 stosowany jest najcz\u0119\u015bciej sklepy internetowe i serwisy aukcyjne.<\/p>\n\n\n\n<p><strong>CPC<\/strong>&nbsp;\u2013 Wynagrodzenie za ka\u017cde klikni\u0119cie w reklam\u0119 przez klienta<\/p>\n\n\n\n<p><strong>PPI<\/strong>&nbsp;\u2013 Wynagrodzenie za pobranie aplikacji przez klienta<\/p>\n\n\n\n<p><strong>SMS<\/strong>&nbsp;\u2013 Wynagrodzenie za p\u0142atno\u015b\u0107 za pomoc\u0105 telefonu kom\u00f3rkowego i wiadomo\u015bci o podwy\u017cszonej p\u0142atno\u015bci w celu otrzymania kodu dost\u0119pu.<\/p>\n\n\n\n<p><strong>IVR<\/strong>&nbsp;\u2013 Wynagrodzenie za po\u0142\u0105czenie telefoniczne o podwy\u017cszonej p\u0142atno\u015bci<\/p>\n\n\n\n<p><strong>SMS CHAT<\/strong>&nbsp;\u2013 Wynagrodzenie za wys\u0142anie sms o podwy\u017cszonej warto\u015bci<\/p>\n\n\n\n<p>Poni\u017cej przedstawiamy ranking program\u00f3w partnerskich w kt\u00f3rych warto si\u0119 zarejestrowa\u0107 i gdzie otrzymamy najwi\u0119ksz\u0105 prowizj\u0119. Udzia\u0142 we wszystkich opisanych programach jest darmowy.<\/p>\n\n\n\n<hr class=\"wp-block-separator has-alpha-channel-opacity\"\/>\n\n\n\n<p><strong><mark style=\"background-color:rgba(0, 0, 0, 0)\" class=\"has-inline-color has-vivid-red-color\">System Partnerski Bankier<\/mark><\/strong><\/p>\n\n\n\n<p>Kategoria \u2013 finanse<\/p>\n\n\n\n<figure class=\"wp-block-image size-large\"><img loading=\"lazy\" decoding=\"async\" width=\"1024\" height=\"482\" src=\"https:\/\/zarabiamonline.com\/wp-content\/uploads\/2026\/01\/bankier-1-1024x482.jpg\" alt=\"\" class=\"wp-image-1761\" srcset=\"https:\/\/zarabiamonline.com\/wp-content\/uploads\/2026\/01\/bankier-1-1024x482.jpg 1024w, https:\/\/zarabiamonline.com\/wp-content\/uploads\/2026\/01\/bankier-1-300x141.jpg 300w, https:\/\/zarabiamonline.com\/wp-content\/uploads\/2026\/01\/bankier-1-768x362.jpg 768w, https:\/\/zarabiamonline.com\/wp-content\/uploads\/2026\/01\/bankier-1.jpg 1344w\" sizes=\"auto, (max-width: 1024px) 100vw, 1024px\" \/><\/figure>\n\n\n\n<p>System Partnerski Bankier oferuje g\u0142\u00f3wnie produkty finansowe tj. konta, kredyty czy ubezpieczenia ale w ofercie znajdziemy r\u00f3wnie\u017c produkty z innych kategorii. Program daje wiele mo\u017cliwo\u015bci zarobienia na prowizjach od z\u0142o\u017conych wniosk\u00f3w np. o kredyt czy konto bankowe przez klient\u00f3w za naszym po\u015brednictwem.<\/p>\n\n\n\n<p><strong>Narz\u0119dzia: linki , banery<\/strong>,&nbsp;<strong>strony www<\/strong>,&nbsp;<strong>widgety<\/strong><\/p>\n\n\n\n<div class=\"wp-block-buttons is-layout-flex wp-block-buttons-is-layout-flex\">\n<div class=\"wp-block-button is-style-outline is-style-outline--1\"><a class=\"wp-block-button__link wp-element-button\" href=\"https:\/\/kredytypp.produktyfinansowe.pl\/e\/lead\/1747?source=lt\"><strong><mark style=\"background-color:rgba(0, 0, 0, 0)\" class=\"has-inline-color has-vivid-red-color\">Czytaj wi\u0119cej&#8230;<\/mark><\/strong><\/a><\/div>\n<\/div>\n\n\n\n<hr class=\"wp-block-separator has-alpha-channel-opacity\"\/>\n\n\n\n<p><strong><mark style=\"background-color:rgba(0, 0, 0, 0)\" class=\"has-inline-color has-vivid-red-color\">Program partnerski ComperiaLead<\/mark><\/strong><\/p>\n\n\n\n<p><strong>Kategoria \u2013 finanse<\/strong><\/p>\n\n\n\n<figure class=\"wp-block-image size-large\"><img loading=\"lazy\" decoding=\"async\" width=\"1024\" height=\"469\" src=\"https:\/\/zarabiamonline.com\/wp-content\/uploads\/2023\/01\/COMPERIALEAD-1024x469.jpg\" alt=\"\" class=\"wp-image-794\" srcset=\"https:\/\/zarabiamonline.com\/wp-content\/uploads\/2023\/01\/COMPERIALEAD-1024x469.jpg 1024w, https:\/\/zarabiamonline.com\/wp-content\/uploads\/2023\/01\/COMPERIALEAD-300x137.jpg 300w, https:\/\/zarabiamonline.com\/wp-content\/uploads\/2023\/01\/COMPERIALEAD-768x352.jpg 768w, https:\/\/zarabiamonline.com\/wp-content\/uploads\/2023\/01\/COMPERIALEAD.jpg 1336w\" sizes=\"auto, (max-width: 1024px) 100vw, 1024px\" \/><\/figure>\n\n\n\n<p>ComperiaLead \u2013 program partnerski oferuj\u0105ca produkty z kategorii finanse.<\/p>\n\n\n\n<p><strong>Narz\u0119dzia: linki , banery<\/strong>,&nbsp;<strong>strony www, widgety, kalkulatory<\/strong><\/p>\n\n\n\n<p><strong>Model rozlicze\u0144: CPM, CPA, CPS, CPC, CPL<\/strong><\/p>\n\n\n\n<div class=\"wp-block-buttons is-layout-flex wp-block-buttons-is-layout-flex\">\n<div class=\"wp-block-button is-style-outline is-style-outline--2\"><a class=\"wp-block-button__link wp-element-button\" href=\"http:\/\/www.comperialead.pl\/?p=3ac1d2\"><strong><mark style=\"background-color:rgba(0, 0, 0, 0)\" class=\"has-inline-color has-vivid-red-color\">Czytaj wi\u0119cej&#8230;<\/mark><\/strong><\/a><\/div>\n<\/div>\n\n\n\n<hr class=\"wp-block-separator has-alpha-channel-opacity\"\/>\n\n\n\n<p><strong><mark style=\"background-color:rgba(0, 0, 0, 0)\" class=\"has-inline-color has-vivid-red-color\">Program partnerski Money2Money<\/mark><\/strong><\/p>\n\n\n\n<p><strong>Kategoria \u2013 finanse<\/strong><\/p>\n\n\n\n<figure class=\"wp-block-image size-large\"><img loading=\"lazy\" decoding=\"async\" width=\"1024\" height=\"423\" src=\"https:\/\/zarabiamonline.com\/wp-content\/uploads\/2023\/01\/MONEY2MONEY-1024x423.jpg\" alt=\"\" class=\"wp-image-804\" srcset=\"https:\/\/zarabiamonline.com\/wp-content\/uploads\/2023\/01\/MONEY2MONEY-1024x423.jpg 1024w, https:\/\/zarabiamonline.com\/wp-content\/uploads\/2023\/01\/MONEY2MONEY-300x124.jpg 300w, https:\/\/zarabiamonline.com\/wp-content\/uploads\/2023\/01\/MONEY2MONEY-768x317.jpg 768w, https:\/\/zarabiamonline.com\/wp-content\/uploads\/2023\/01\/MONEY2MONEY.jpg 1338w\" sizes=\"auto, (max-width: 1024px) 100vw, 1024px\" \/><\/figure>\n\n\n\n<p>Money2Money oferuje produkty finansowe tj. konta, kredyty czy ubezpieczenia. Program daje wiele mo\u017cliwo\u015bci zarobienia na prowizjach od z\u0142o\u017conych wniosk\u00f3w np. o kredyt czy konto bankowe przez klient\u00f3w za naszym po\u015brednictwem. Wynagrodzenie za oferowane produkty finansowe charakteryzuje si\u0119 najwy\u017cszymi stawkami dochodz\u0105cymi do kilku tysi\u0119cy z\u0142otych. Wynagrodzenie otrzymujemy za ka\u017cdego klienta kt\u00f3ry np. dzi\u0119ki naszemu poleceniu we\u017amie po\u017cyczk\u0119.<\/p>\n\n\n\n<p><strong>Narz\u0119dzia: linki , banery<\/strong>,&nbsp;<strong>strony www<\/strong><\/p>\n\n\n\n<div class=\"wp-block-buttons is-layout-flex wp-block-buttons-is-layout-flex\">\n<div class=\"wp-block-button is-style-outline is-style-outline--3\"><a class=\"wp-block-button__link wp-element-button\" href=\"https:\/\/panel.money2money.com.pl\/register?idPartner=656467\"><strong><mark style=\"background-color:rgba(0, 0, 0, 0)\" class=\"has-inline-color has-vivid-red-color\">Czytaj wi\u0119cej&#8230;<\/mark><\/strong><\/a><\/div>\n\n\n\n<div class=\"wp-block-button is-style-outline is-style-outline--4\"><a class=\"wp-block-button__link wp-element-button\" href=\"https:\/\/finace4you.oferty-kredytowe.pl\/\"><strong><mark style=\"background-color:rgba(0, 0, 0, 0)\" class=\"has-inline-color has-vivid-red-color\">Przyk\u0142adowa strona z ofert\u0105 Money2Money<\/mark><\/strong><\/a><\/div>\n<\/div>\n\n\n\n<hr class=\"wp-block-separator has-alpha-channel-opacity\"\/>\n\n\n\n<p><strong><mark style=\"background-color:rgba(0, 0, 0, 0)\" class=\"has-inline-color has-vivid-red-color\">Program partnerski Rankomat<\/mark><\/strong><\/p>\n\n\n\n<p><strong>Kategoria \u2013 finanse, ubezpieczenia<\/strong><\/p>\n\n\n\n<figure class=\"wp-block-image size-large\"><img loading=\"lazy\" decoding=\"async\" width=\"1024\" height=\"447\" src=\"https:\/\/zarabiamonline.com\/wp-content\/uploads\/2023\/01\/RANKOMAT-1024x447.jpg\" alt=\"\" class=\"wp-image-836\" srcset=\"https:\/\/zarabiamonline.com\/wp-content\/uploads\/2023\/01\/RANKOMAT-1024x447.jpg 1024w, https:\/\/zarabiamonline.com\/wp-content\/uploads\/2023\/01\/RANKOMAT-300x131.jpg 300w, https:\/\/zarabiamonline.com\/wp-content\/uploads\/2023\/01\/RANKOMAT-768x336.jpg 768w, https:\/\/zarabiamonline.com\/wp-content\/uploads\/2023\/01\/RANKOMAT.jpg 1339w\" sizes=\"auto, (max-width: 1024px) 100vw, 1024px\" \/><\/figure>\n\n\n\n<p>Program partnerski rankomat oferuje produkty z kategorii ubezpieczenia.<\/p>\n\n\n\n<p><strong>Narz\u0119dzia: linki , banery<\/strong><\/p>\n\n\n\n<p><strong>Model rozlicze\u0144: CPL<\/strong><\/p>\n\n\n\n<div class=\"wp-block-buttons is-layout-flex wp-block-buttons-is-layout-flex\">\n<div class=\"wp-block-button is-style-outline is-style-outline--5\"><a class=\"wp-block-button__link wp-element-button\" href=\"https:\/\/partner.rankomat.pl\/\"><strong><mark style=\"background-color:rgba(0, 0, 0, 0)\" class=\"has-inline-color has-vivid-red-color\">Czytaj wi\u0119cej&#8230;<\/mark><\/strong><\/a><\/div>\n<\/div>\n\n\n\n<hr class=\"wp-block-separator has-alpha-channel-opacity\"\/>\n\n\n\n<p><strong><mark style=\"background-color:rgba(0, 0, 0, 0)\" class=\"has-inline-color has-vivid-red-color\">Program partnerski Punkta<\/mark><\/strong><\/p>\n\n\n\n<p><strong>Kategoria \u2013 finanse, ubezpieczenia<\/strong><\/p>\n\n\n\n<figure class=\"wp-block-image size-large\"><img loading=\"lazy\" decoding=\"async\" width=\"1024\" height=\"466\" src=\"https:\/\/zarabiamonline.com\/wp-content\/uploads\/2023\/03\/PPPUNKTA-1024x466.jpg\" alt=\"\" class=\"wp-image-1524\" srcset=\"https:\/\/zarabiamonline.com\/wp-content\/uploads\/2023\/03\/PPPUNKTA-1024x466.jpg 1024w, https:\/\/zarabiamonline.com\/wp-content\/uploads\/2023\/03\/PPPUNKTA-300x137.jpg 300w, https:\/\/zarabiamonline.com\/wp-content\/uploads\/2023\/03\/PPPUNKTA-768x350.jpg 768w, https:\/\/zarabiamonline.com\/wp-content\/uploads\/2023\/03\/PPPUNKTA.jpg 1339w\" sizes=\"auto, (max-width: 1024px) 100vw, 1024px\" \/><\/figure>\n\n\n\n<p>Program partnerski Punkta oferuje produkty z kategorii ubezpieczenia. Posiadasz stron\u0119, bloga konta w mediach spo\u0142eczno\u015bciowych mo\u017cesz uzyska\u0107 dodatkowy doch\u00f3d promuj\u0105c por\u00f3wnywark\u0119 ubezpiecze\u0144. A mo\u017ce jeste\u015b agentem ubezpieczeniowym \u2013 dzi\u0119ki wsp\u00f3\u0142pracy z Punkta mo\u017cesz wzbogaci\u0107 swoj\u0105 ofert\u0119 o por\u00f3wnywark\u0119 OC\/AC i pozyska\u0107 wielu nowych klient\u00f3w.<\/p>\n\n\n\n<p>Por\u00f3wnywarka Punkta w ofercie posiada ubezpieczenia:<\/p>\n\n\n\n<ul class=\"wp-block-list\">\n<li>komunikacyjne<\/li>\n\n\n\n<li>turystyczne<\/li>\n\n\n\n<li>nieruchomo\u015bci<\/li>\n\n\n\n<li>rower\u00f3w i rowerzyst\u00f3w<\/li>\n\n\n\n<li>zdrowotne<\/li>\n\n\n\n<li>instalacji fotowoltaicznych<\/li>\n\n\n\n<li>hulajn\u00f3g<\/li>\n<\/ul>\n\n\n\n<p><strong>Narz\u0119dzia: linki, widgety<\/strong><\/p>\n\n\n\n<div class=\"wp-block-buttons is-layout-flex wp-block-buttons-is-layout-flex\">\n<div class=\"wp-block-button is-style-outline is-style-outline--6\"><a class=\"wp-block-button__link wp-element-button\" href=\"https:\/\/lp.punkta.pl\/program-partnerski\/\"><strong><mark style=\"background-color:rgba(0, 0, 0, 0)\" class=\"has-inline-color has-vivid-red-color\">Czytaj wi\u0119cej&#8230;<\/mark><\/strong><\/a><\/div>\n<\/div>\n","protected":false},"excerpt":{"rendered":"<p>Programy partnerskie \u2013 droga, od kt\u00f3rej zaczyna\u0142o wieluProgramy partnerskie to jedna z opcji na rozpocz\u0119cie zarobku w Internecie. Co wi\u0119cej, kiedy oka\u017ce si\u0119, \u017ce znajdziemy skuteczne metody promocji poszczeg\u00f3lnych produkt\u00f3w i us\u0142ug, programy partnerskie mog\u0105 sta\u0107 si\u0119 \u017ar\u00f3d\u0142em powa\u017cnego dochodu. Pokazuje to wiele program\u00f3w partnerskich sprawdzonych produkt\u00f3w, kt\u00f3re ciesz\u0105 si\u0119 du\u017cym zainteresowaniem.R\u00f3wnie\u017c nisze, takie jak [&hellip;]<\/p>\n","protected":false},"author":1,"featured_media":0,"parent":0,"menu_order":0,"comment_status":"closed","ping_status":"closed","template":"","meta":{"footnotes":""},"class_list":["post-41","page","type-page","status-publish","hentry"],"_links":{"self":[{"href":"https:\/\/zarabiamonline.com\/index.php\/wp-json\/wp\/v2\/pages\/41","targetHints":{"allow":["GET"]}}],"collection":[{"href":"https:\/\/zarabiamonline.com\/index.php\/wp-json\/wp\/v2\/pages"}],"about":[{"href":"https:\/\/zarabiamonline.com\/index.php\/wp-json\/wp\/v2\/types\/page"}],"author":[{"embeddable":true,"href":"https:\/\/zarabiamonline.com\/index.php\/wp-json\/wp\/v2\/users\/1"}],"replies":[{"embeddable":true,"href":"https:\/\/zarabiamonline.com\/index.php\/wp-json\/wp\/v2\/comments?post=41"}],"version-history":[{"count":11,"href":"https:\/\/zarabiamonline.com\/index.php\/wp-json\/wp\/v2\/pages\/41\/revisions"}],"predecessor-version":[{"id":1774,"href":"https:\/\/zarabiamonline.com\/index.php\/wp-json\/wp\/v2\/pages\/41\/revisions\/1774"}],"wp:attachment":[{"href":"https:\/\/zarabiamonline.com\/index.php\/wp-json\/wp\/v2\/media?parent=41"}],"curies":[{"name":"wp","href":"https:\/\/api.w.org\/{rel}","templated":true}]}}