{"id":47,"date":"2023-01-07T00:26:09","date_gmt":"2023-01-06T23:26:09","guid":{"rendered":"http:\/\/zarabiamonline.com\/?page_id=47"},"modified":"2026-01-10T23:47:31","modified_gmt":"2026-01-10T22:47:31","slug":"ogolne","status":"publish","type":"page","link":"https:\/\/zarabiamonline.com\/index.php\/ogolne\/","title":{"rendered":"Og\u00f3lne"},"content":{"rendered":"\n<p><strong>Programy partnerskie \u2013 droga, od kt\u00f3rej zaczyna\u0142o wielu<\/strong><br>Programy partnerskie to jedna z opcji na rozpocz\u0119cie zarobku w Internecie. Co wi\u0119cej, kiedy oka\u017ce si\u0119, \u017ce znajdziemy skuteczne metody promocji poszczeg\u00f3lnych produkt\u00f3w i us\u0142ug, programy partnerskie mog\u0105 sta\u0107 si\u0119 \u017ar\u00f3d\u0142em powa\u017cnego dochodu. Pokazuje to wiele program\u00f3w partnerskich sprawdzonych produkt\u00f3w, kt\u00f3re ciesz\u0105 si\u0119 du\u017cym zainteresowaniem.<br>R\u00f3wnie\u017c nisze, takie jak produkty zwi\u0105zane z suplementacj\u0105 to bardzo ciekawe opcje, kt\u00f3re nagradzane s\u0105 bardzo wysokimi prowizjami, kt\u00f3re mo\u017cemy prze\u0142o\u017cy\u0107 na super zarobki, je\u015bli tylko b\u0119dziemy sumiennie przyk\u0142ada\u0107 si\u0119 do promocji poszczeg\u00f3lnych firm i ich produkt\u00f3w lub us\u0142ug.<\/p>\n\n\n\n<p><strong>Modele rozlicze\u0144<\/strong><\/p>\n\n\n\n<p><strong>CPA<\/strong>&nbsp;\u2013 Ten model rozlicze\u0144 charakteryzuje si\u0119 najwy\u017cszymi stawkami dochodz\u0105cymi do kilku tysi\u0119cy z\u0142otych. Wynagrodzenie otrzymujemy za ka\u017cdego klienta kt\u00f3ry np. dzi\u0119ki naszemu poleceniu we\u017amie po\u017cyczk\u0119.<\/p>\n\n\n\n<p><strong>CPL<\/strong>&nbsp;\u2013 Wynagrodzenie przyznawane za pozyskanie klienta. Klient musi za\u0142o\u017cy\u0107 konto na portalu internetowym lub poda\u0107 swoje dane i zgodzi\u0107 si\u0119 na kontakt. Otrzymujemy ustalon\u0105 kwot\u0119 za ka\u017cdego pozyskanego klienta.<\/p>\n\n\n\n<p><strong>CPS<\/strong>&nbsp;\u2013 Wynagrodzenie otrzymujemy za ka\u017cdego klienta kt\u00f3ry zrobi zakupy dzi\u0119ki naszemu poleceniu. Ten model rozlicze\u0144 stosowany jest najcz\u0119\u015bciej sklepy internetowe i serwisy aukcyjne.<\/p>\n\n\n\n<p><strong>CPC<\/strong>&nbsp;\u2013 Wynagrodzenie za ka\u017cde klikni\u0119cie w reklam\u0119 przez klienta<\/p>\n\n\n\n<p><strong>PPI<\/strong>&nbsp;\u2013 Wynagrodzenie za pobranie aplikacji przez klienta<\/p>\n\n\n\n<p><strong>SMS<\/strong>&nbsp;\u2013 Wynagrodzenie za p\u0142atno\u015b\u0107 za pomoc\u0105 telefonu kom\u00f3rkowego i wiadomo\u015bci o podwy\u017cszonej p\u0142atno\u015bci w celu otrzymania kodu dost\u0119pu.<\/p>\n\n\n\n<p><strong>IVR<\/strong>&nbsp;\u2013 Wynagrodzenie za po\u0142\u0105czenie telefoniczne o podwy\u017cszonej p\u0142atno\u015bci<\/p>\n\n\n\n<p><strong>SMS CHAT<\/strong>&nbsp;\u2013 Wynagrodzenie za wys\u0142anie sms o podwy\u017cszonej warto\u015bci<\/p>\n\n\n\n<p>Poni\u017cej przedstawiamy ranking program\u00f3w partnerskich w kt\u00f3rych warto si\u0119 zarejestrowa\u0107 i gdzie otrzymamy najwi\u0119ksz\u0105 prowizj\u0119. Udzia\u0142 we wszystkich opisanych programach jest darmowy.<\/p>\n\n\n\n<hr class=\"wp-block-separator has-alpha-channel-opacity\"\/>\n\n\n\n<p><strong><mark style=\"background-color:rgba(0, 0, 0, 0)\" class=\"has-inline-color has-vivid-red-color\">Program partnerski MYLEAD<\/mark><\/strong><\/p>\n\n\n\n<p><strong>Kategoria \u2013 og\u00f3lne<\/strong><\/p>\n\n\n\n<figure class=\"wp-block-image size-large\"><img loading=\"lazy\" decoding=\"async\" width=\"1024\" height=\"397\" src=\"https:\/\/zarabiamonline.com\/wp-content\/uploads\/2023\/01\/MYLEAD-1024x397.jpg\" alt=\"\" class=\"wp-image-188\" srcset=\"https:\/\/zarabiamonline.com\/wp-content\/uploads\/2023\/01\/MYLEAD-1024x397.jpg 1024w, https:\/\/zarabiamonline.com\/wp-content\/uploads\/2023\/01\/MYLEAD-300x116.jpg 300w, https:\/\/zarabiamonline.com\/wp-content\/uploads\/2023\/01\/MYLEAD-768x298.jpg 768w, https:\/\/zarabiamonline.com\/wp-content\/uploads\/2023\/01\/MYLEAD.jpg 1338w\" sizes=\"auto, (max-width: 1024px) 100vw, 1024px\" \/><\/figure>\n\n\n\n<p>Sie\u0107 affiliacyjna MyLead udost\u0119pnia mn\u00f3stwo program\u00f3w z wielu kategorii. Mylead udost\u0119pnia kilka modeli zarabiania, dzi\u0119ki czemu ka\u017cdy znajdzie tu dogodn\u0105 dla siebie form\u0119 zarabiania. W panelu wydawcy znajdziemy wszystkie niezb\u0119dne informacje.<\/p>\n\n\n\n<p><strong>Narz\u0119dzia: linki , banery<\/strong><\/p>\n\n\n\n<p><strong>Model rozlicze\u0144: CPL, CPA, CPS, PPI, SMS, IVR, SMS CHAT<\/strong><\/p>\n\n\n\n<div class=\"wp-block-buttons is-layout-flex wp-block-buttons-is-layout-flex\">\n<div class=\"wp-block-button is-style-outline is-style-outline--1\"><a class=\"wp-block-button__link wp-element-button\" href=\"https:\/\/mylead.global\/ref\/9445\"><strong><mark style=\"background-color:rgba(0, 0, 0, 0)\" class=\"has-inline-color has-vivid-red-color\">Czytaj wi\u0119cej&#8230;<\/mark><\/strong><\/a><\/div>\n<\/div>\n\n\n\n<hr class=\"wp-block-separator has-alpha-channel-opacity\"\/>\n\n\n\n<p><strong><mark style=\"background-color:rgba(0, 0, 0, 0)\" class=\"has-inline-color has-vivid-red-color\">Program partnerski LeadStar<\/mark><\/strong><\/p>\n\n\n\n<p><strong>Kategoria &#8211; og\u00f3lne<\/strong><\/p>\n\n\n\n<figure class=\"wp-block-image size-large\"><img loading=\"lazy\" decoding=\"async\" width=\"1024\" height=\"468\" src=\"https:\/\/zarabiamonline.com\/wp-content\/uploads\/2023\/01\/LEADSTAR-1024x468.jpg\" alt=\"\" class=\"wp-image-926\" srcset=\"https:\/\/zarabiamonline.com\/wp-content\/uploads\/2023\/01\/LEADSTAR-1024x468.jpg 1024w, https:\/\/zarabiamonline.com\/wp-content\/uploads\/2023\/01\/LEADSTAR-300x137.jpg 300w, https:\/\/zarabiamonline.com\/wp-content\/uploads\/2023\/01\/LEADSTAR-768x351.jpg 768w, https:\/\/zarabiamonline.com\/wp-content\/uploads\/2023\/01\/LEADSTAR.jpg 1340w\" sizes=\"auto, (max-width: 1024px) 100vw, 1024px\" \/><\/figure>\n\n\n\n<p>Program partnerski LeadStar udost\u0119pnia mn\u00f3stwo program\u00f3w z wielu kategorii, dzi\u0119ki czemu ka\u017cdy znajdzie tu co\u015b dla siebie. W panelu wydawcy znajdziemy wszystkie niezb\u0119dne informacje.<\/p>\n\n\n\n<a href=\"https:\/\/leadstar.pl\/?uniq_code=cpHfj5\"><img decoding=\"async\" src=\"https:\/\/leadstar.pl\/creations\/static\/b21b53079e882509c3fbab26b6e908fa.png\" border=\"0\"><\/a>\n\n\n\n<p><strong>Narz\u0119dzia: linki , banery<\/strong>, <strong>widgety<\/strong><\/p>\n\n\n\n<p><strong>Model rozlicze\u0144: CPL, CPS, CPA, CPL+CPS, CPL+CPA, CPC, CPS+CPA, CPO<\/strong><\/p>\n\n\n\n<div class=\"wp-block-buttons is-layout-flex wp-block-buttons-is-layout-flex\">\n<div class=\"wp-block-button is-style-outline is-style-outline--2\"><a class=\"wp-block-button__link wp-element-button\" href=\"https:\/\/leadstar.pl\/?uniq_code=cpHfj5\"><strong><mark style=\"background-color:rgba(0, 0, 0, 0)\" class=\"has-inline-color has-vivid-red-color\">Czytaj wi\u0119cej&#8230;<\/mark><\/strong><\/a><\/div>\n<\/div>\n\n\n\n<hr class=\"wp-block-separator has-alpha-channel-opacity\"\/>\n\n\n\n<p><strong><mark style=\"background-color:rgba(0, 0, 0, 0)\" class=\"has-inline-color has-vivid-red-color\">Program partnerski FireAds<\/mark><\/strong><\/p>\n\n\n\n<p><strong>Kategoria \u2013 og\u00f3lne<\/strong><\/p>\n\n\n\n<figure class=\"wp-block-image size-large\"><img loading=\"lazy\" decoding=\"async\" width=\"1024\" height=\"463\" src=\"https:\/\/zarabiamonline.com\/wp-content\/uploads\/2023\/01\/FIREADS-1024x463.jpg\" alt=\"\" class=\"wp-image-963\" srcset=\"https:\/\/zarabiamonline.com\/wp-content\/uploads\/2023\/01\/FIREADS-1024x463.jpg 1024w, https:\/\/zarabiamonline.com\/wp-content\/uploads\/2023\/01\/FIREADS-300x136.jpg 300w, https:\/\/zarabiamonline.com\/wp-content\/uploads\/2023\/01\/FIREADS-768x347.jpg 768w, https:\/\/zarabiamonline.com\/wp-content\/uploads\/2023\/01\/FIREADS.jpg 1335w\" sizes=\"auto, (max-width: 1024px) 100vw, 1024px\" \/><\/figure>\n\n\n\n<p>Sie\u0107 affiliacyjna FireAds udost\u0119pnia szerok\u0105 gam\u0119 program\u00f3w z wielu kategorii. FireAds udost\u0119pnia kilka modeli zarabiania, dzi\u0119ki czemu ka\u017cdy znajdzie tu dogodn\u0105 dla siebie form\u0119 zarabiania.<\/p>\n\n\n\n<a href=\"https:\/\/fireads.org\/register\/88953225\"><img decoding=\"async\" src=\"https:\/\/fireads.org\/sign\/pl\/77ae4.png\" title=\"FireAds\" alt=\"FireAds\"><\/a>\n\n\n\n<p><strong>Narz\u0119dzia: linki , banery<\/strong><\/p>\n\n\n\n<p><strong>Model rozlicze\u0144: CPL, CPA, CPS, PPI\/CPI<\/strong><\/p>\n\n\n\n<div class=\"wp-block-buttons is-layout-flex wp-block-buttons-is-layout-flex\">\n<div class=\"wp-block-button is-style-outline is-style-outline--3\"><a class=\"wp-block-button__link wp-element-button\" href=\"https:\/\/fireads.org\/register\/88953225\"><strong><mark style=\"background-color:rgba(0, 0, 0, 0)\" class=\"has-inline-color has-vivid-red-color\">Czytaj wi\u0119cej&#8230;<\/mark><\/strong><\/a><\/div>\n<\/div>\n\n\n\n<hr class=\"wp-block-separator has-alpha-channel-opacity\"\/>\n\n\n\n<p><strong><mark style=\"background-color:rgba(0, 0, 0, 0)\" class=\"has-inline-color has-vivid-red-color\">Program partnerski BluePartner<\/mark><\/strong><\/p>\n\n\n\n<p><strong>Kategoria \u2013 finanse, og\u00f3lne<\/strong><\/p>\n\n\n\n<figure class=\"wp-block-image size-large\"><img loading=\"lazy\" decoding=\"async\" width=\"1024\" height=\"427\" src=\"https:\/\/zarabiamonline.com\/wp-content\/uploads\/2023\/01\/BLUEPARTNER-1024x427.jpg\" alt=\"\" class=\"wp-image-810\" srcset=\"https:\/\/zarabiamonline.com\/wp-content\/uploads\/2023\/01\/BLUEPARTNER-1024x427.jpg 1024w, https:\/\/zarabiamonline.com\/wp-content\/uploads\/2023\/01\/BLUEPARTNER-300x125.jpg 300w, https:\/\/zarabiamonline.com\/wp-content\/uploads\/2023\/01\/BLUEPARTNER-768x320.jpg 768w, https:\/\/zarabiamonline.com\/wp-content\/uploads\/2023\/01\/BLUEPARTNER.jpg 1339w\" sizes=\"auto, (max-width: 1024px) 100vw, 1024px\" \/><\/figure>\n\n\n\n<p>Sie\u0107 afiliacyjna Blueparter oferuje kampanie z bran\u017cy finansowej, ubezpieczeniowej oraz gier online i e-commerce.<\/p>\n\n\n\n<p><strong>Narz\u0119dzia: linki , banery<\/strong><\/p>\n\n\n\n<p><strong>Model rozlicze\u0144: CPO, CPA, CPS, CPL<\/strong><\/p>\n\n\n\n<div class=\"wp-block-buttons is-layout-flex wp-block-buttons-is-layout-flex\">\n<div class=\"wp-block-button is-style-outline is-style-outline--4\"><a class=\"wp-block-button__link wp-element-button\" href=\"https:\/\/panel.bluepartner.eu\/\"><strong><mark style=\"background-color:rgba(0, 0, 0, 0)\" class=\"has-inline-color has-vivid-red-color\">Czytaj wi\u0119cej&#8230;<\/mark><\/strong><\/a><\/div>\n<\/div>\n\n\n\n<hr class=\"wp-block-separator has-alpha-channel-opacity\"\/>\n\n\n\n<p><strong><mark style=\"background-color:rgba(0, 0, 0, 0)\" class=\"has-inline-color has-vivid-red-color\">Program partnerski Ceneo<\/mark><\/strong><\/p>\n\n\n\n<p><strong>Kategoria \u2013 og\u00f3lne<\/strong><\/p>\n\n\n\n<figure class=\"wp-block-image size-large\"><img loading=\"lazy\" decoding=\"async\" width=\"1024\" height=\"472\" src=\"https:\/\/zarabiamonline.com\/wp-content\/uploads\/2023\/01\/CENEO-1024x472.jpg\" alt=\"\" class=\"wp-image-938\" srcset=\"https:\/\/zarabiamonline.com\/wp-content\/uploads\/2023\/01\/CENEO-1024x472.jpg 1024w, https:\/\/zarabiamonline.com\/wp-content\/uploads\/2023\/01\/CENEO-300x138.jpg 300w, https:\/\/zarabiamonline.com\/wp-content\/uploads\/2023\/01\/CENEO-768x354.jpg 768w, https:\/\/zarabiamonline.com\/wp-content\/uploads\/2023\/01\/CENEO.jpg 1338w\" sizes=\"auto, (max-width: 1024px) 100vw, 1024px\" \/><\/figure>\n\n\n\n<p>Ceneo to jedna z najpopularniejszych por\u00f3wnywarek cen w Polsce. W programie partnerskim Ceneo zarabiamy na przekierowaniu klienta do sklepu internetowego lub bezpo\u015brednio do danego produktu. Prowizje wynosz\u0105 65% od przychod\u00f3w Ceneo za przej\u015bcie na stron\u0119 sklepu lub 65% od prowizji Ceneo za zakup na stronie Ceneo.<\/p>\n\n\n\n<a href=\"https:\/\/partnerzy.ceneo.pl\/Account\/Register?referrer=26386\" target=\"_blank\" rel=\"noopener\"><img decoding=\"async\" src=\"\/\/image2.ceneo.pl\/data\/custom_images\/3215\/custom_image.jpeg\"><\/a>\n\n\n\n<p><strong>Narz\u0119dzia: linki , banery<\/strong>,&nbsp;<strong>rotatory<\/strong><\/p>\n\n\n\n<div class=\"wp-block-buttons is-layout-flex wp-block-buttons-is-layout-flex\">\n<div class=\"wp-block-button is-style-outline is-style-outline--5\"><a class=\"wp-block-button__link wp-element-button\" href=\"https:\/\/partnerzy.ceneo.pl\/Account\/Register?referrer=26386\"><strong><mark style=\"background-color:rgba(0, 0, 0, 0)\" class=\"has-inline-color has-vivid-red-color\">Czytaj wi\u0119cej&#8230;<\/mark><\/strong><\/a><\/div>\n<\/div>\n\n\n\n<hr class=\"wp-block-separator has-alpha-channel-opacity\"\/>\n\n\n\n<p><strong><mark style=\"background-color:rgba(0, 0, 0, 0)\" class=\"has-inline-color has-vivid-red-color\">Program partnerski Nazwa.pl<\/mark><\/strong><\/p>\n\n\n\n<p><strong>Kategoria \u2013 og\u00f3lne<\/strong><\/p>\n\n\n\n<figure class=\"wp-block-image size-large\"><img loading=\"lazy\" decoding=\"async\" width=\"1024\" height=\"470\" src=\"https:\/\/zarabiamonline.com\/wp-content\/uploads\/2023\/01\/NAZWA-1024x470.jpg\" alt=\"\" class=\"wp-image-945\" srcset=\"https:\/\/zarabiamonline.com\/wp-content\/uploads\/2023\/01\/NAZWA-1024x470.jpg 1024w, https:\/\/zarabiamonline.com\/wp-content\/uploads\/2023\/01\/NAZWA-300x138.jpg 300w, https:\/\/zarabiamonline.com\/wp-content\/uploads\/2023\/01\/NAZWA-768x353.jpg 768w, https:\/\/zarabiamonline.com\/wp-content\/uploads\/2023\/01\/NAZWA.jpg 1339w\" sizes=\"auto, (max-width: 1024px) 100vw, 1024px\" \/><\/figure>\n\n\n\n<p>Nazwa.pl to jedna z najpopularniejszych firm w Polsce oferuj\u0105ca us\u0142ugi hostingowe i rejestracj\u0119 domen. Ka\u017cdy kto zak\u0142ada\u0142 w\u0142asn\u0105 stron\u0119 na pewno spotka\u0142 si\u0119 nazwa.pl. Firma b\u0119d\u0105c na rynku od 1997r. sta\u0142a si\u0119 bardzo rozpoznawalna co u\u0142atwia promowanie produkt\u00f3w nazwa.pl<\/p>\n\n\n\n<p><strong>Narz\u0119dzia: linki , banery<\/strong><\/p>\n\n\n\n<div class=\"wp-block-buttons is-layout-flex wp-block-buttons-is-layout-flex\">\n<div class=\"wp-block-button is-style-outline is-style-outline--6\"><a class=\"wp-block-button__link wp-element-button\" href=\"https:\/\/www.nazwa.pl\/pp\/gk56-9594-7239\"><strong><mark style=\"background-color:rgba(0, 0, 0, 0)\" class=\"has-inline-color has-vivid-red-color\">Czytaj wi\u0119cej&#8230;<\/mark><\/strong><\/a><\/div>\n<\/div>\n\n\n\n<hr class=\"wp-block-separator has-alpha-channel-opacity\"\/>\n\n\n\n<p><strong><mark style=\"background-color:rgba(0, 0, 0, 0)\" class=\"has-inline-color has-vivid-red-color\">Program partnerski Webd.pl<\/mark><\/strong><\/p>\n\n\n\n<p><strong>Kategoria \u2013 og\u00f3lne<\/strong><\/p>\n\n\n\n<figure class=\"wp-block-image size-large\"><img loading=\"lazy\" decoding=\"async\" width=\"1024\" height=\"466\" src=\"https:\/\/zarabiamonline.com\/wp-content\/uploads\/2023\/03\/ppwebd-1024x466.jpg\" alt=\"\" class=\"wp-image-1544\" srcset=\"https:\/\/zarabiamonline.com\/wp-content\/uploads\/2023\/03\/ppwebd-1024x466.jpg 1024w, https:\/\/zarabiamonline.com\/wp-content\/uploads\/2023\/03\/ppwebd-300x136.jpg 300w, https:\/\/zarabiamonline.com\/wp-content\/uploads\/2023\/03\/ppwebd-768x349.jpg 768w, https:\/\/zarabiamonline.com\/wp-content\/uploads\/2023\/03\/ppwebd.jpg 1339w\" sizes=\"auto, (max-width: 1024px) 100vw, 1024px\" \/><\/figure>\n\n\n\n<p>Webd.pl to firm oferuj\u0105ca us\u0142ugi hostingowe i rejestracj\u0119 domen. Polecaj hosting w WEBD.pl swoim znajomym. Z ka\u017cdego zakupu us\u0142ugi za pomoc\u0105 Twojego indywidualnego partnerskiego linka, otrzymasz 10% prowizji.<\/p>\n\n\n\n<p><strong>Narz\u0119dzia: linki<\/strong><\/p>\n\n\n\n<div class=\"wp-block-buttons is-layout-flex wp-block-buttons-is-layout-flex\">\n<div class=\"wp-block-button is-style-outline is-style-outline--7\"><a class=\"wp-block-button__link wp-element-button\" href=\"https:\/\/webd.pl\/?partner=ylmtct\"><strong><mark style=\"background-color:rgba(0, 0, 0, 0)\" class=\"has-inline-color has-vivid-red-color\">Czytaj wi\u0119cej&#8230;<\/mark><\/strong><\/a><\/div>\n<\/div>\n\n\n\n<p><strong><mark style=\"background-color:rgba(0, 0, 0, 0)\" class=\"has-inline-color has-vivid-red-color\">Program partnerski Admitad<\/mark><\/strong><\/p>\n\n\n\n<p><strong>Kategoria \u2013 og\u00f3lne<\/strong><\/p>\n\n\n\n<figure class=\"wp-block-image size-large\"><img loading=\"lazy\" decoding=\"async\" width=\"1024\" height=\"456\" src=\"https:\/\/zarabiamonline.com\/wp-content\/uploads\/2023\/01\/ADMITAD-1024x456.jpg\" alt=\"\" class=\"wp-image-969\" srcset=\"https:\/\/zarabiamonline.com\/wp-content\/uploads\/2023\/01\/ADMITAD-1024x456.jpg 1024w, https:\/\/zarabiamonline.com\/wp-content\/uploads\/2023\/01\/ADMITAD-300x134.jpg 300w, https:\/\/zarabiamonline.com\/wp-content\/uploads\/2023\/01\/ADMITAD-768x342.jpg 768w, https:\/\/zarabiamonline.com\/wp-content\/uploads\/2023\/01\/ADMITAD.jpg 1341w\" sizes=\"auto, (max-width: 1024px) 100vw, 1024px\" \/><\/figure>\n\n\n\n<p>Program partnerski Admitad udost\u0119pnia mn\u00f3stwo program\u00f3w z wielu kategorii, dzi\u0119ki czemu ka\u017cdy znajdzie tu co\u015b dla siebie. W panelu wydawcy znajdziemy wszystkie niezb\u0119dne informacje.<\/p>\n\n\n\n<p><strong>Narz\u0119dzia: linki , banery<\/strong><\/p>\n\n\n\n<div class=\"wp-block-buttons is-layout-flex wp-block-buttons-is-layout-flex\">\n<div class=\"wp-block-button is-style-outline is-style-outline--8\"><a class=\"wp-block-button__link wp-element-button\" href=\"https:\/\/www.admitad.com\/affiliate-publishers\/?ref=ln0t6f5buc\"><strong><mark style=\"background-color:rgba(0, 0, 0, 0)\" class=\"has-inline-color has-vivid-red-color\">Czytaj wi\u0119cej&#8230;<\/mark><\/strong><\/a><\/div>\n<\/div>\n","protected":false},"excerpt":{"rendered":"<p>Programy partnerskie \u2013 droga, od kt\u00f3rej zaczyna\u0142o wieluProgramy partnerskie to jedna z opcji na rozpocz\u0119cie zarobku w Internecie. Co wi\u0119cej, kiedy oka\u017ce si\u0119, \u017ce znajdziemy skuteczne metody promocji poszczeg\u00f3lnych produkt\u00f3w i us\u0142ug, programy partnerskie mog\u0105 sta\u0107 si\u0119 \u017ar\u00f3d\u0142em powa\u017cnego dochodu. Pokazuje to wiele program\u00f3w partnerskich sprawdzonych produkt\u00f3w, kt\u00f3re ciesz\u0105 si\u0119 du\u017cym zainteresowaniem.R\u00f3wnie\u017c nisze, takie jak [&hellip;]<\/p>\n","protected":false},"author":1,"featured_media":0,"parent":0,"menu_order":0,"comment_status":"closed","ping_status":"closed","template":"","meta":{"footnotes":""},"class_list":["post-47","page","type-page","status-publish","hentry"],"_links":{"self":[{"href":"https:\/\/zarabiamonline.com\/index.php\/wp-json\/wp\/v2\/pages\/47","targetHints":{"allow":["GET"]}}],"collection":[{"href":"https:\/\/zarabiamonline.com\/index.php\/wp-json\/wp\/v2\/pages"}],"about":[{"href":"https:\/\/zarabiamonline.com\/index.php\/wp-json\/wp\/v2\/types\/page"}],"author":[{"embeddable":true,"href":"https:\/\/zarabiamonline.com\/index.php\/wp-json\/wp\/v2\/users\/1"}],"replies":[{"embeddable":true,"href":"https:\/\/zarabiamonline.com\/index.php\/wp-json\/wp\/v2\/comments?post=47"}],"version-history":[{"count":14,"href":"https:\/\/zarabiamonline.com\/index.php\/wp-json\/wp\/v2\/pages\/47\/revisions"}],"predecessor-version":[{"id":1777,"href":"https:\/\/zarabiamonline.com\/index.php\/wp-json\/wp\/v2\/pages\/47\/revisions\/1777"}],"wp:attachment":[{"href":"https:\/\/zarabiamonline.com\/index.php\/wp-json\/wp\/v2\/media?parent=47"}],"curies":[{"name":"wp","href":"https:\/\/api.w.org\/{rel}","templated":true}]}}