{"id":496,"date":"2023-01-21T17:23:38","date_gmt":"2023-01-21T16:23:38","guid":{"rendered":"http:\/\/zarabiamonline.com\/?page_id=496"},"modified":"2023-01-21T22:23:33","modified_gmt":"2023-01-21T21:23:33","slug":"it-i-oprogramowanie","status":"publish","type":"page","link":"https:\/\/zarabiamonline.com\/index.php\/it-i-oprogramowanie\/","title":{"rendered":"IT i Oprogramowanie"},"content":{"rendered":"\n<p>Dzi\u0119ki kursom prezentowanym poni\u017cej zdob\u0119dziesz niezb\u0119dn\u0105 wiedz\u0119 i umiej\u0119tno\u015bci aby zacz\u0105\u0107 prac\u0119 online. Wszystkie kursy s\u0105 w formie filmu i zosta\u0142y opracowane przez ekspert\u00f3w z danej dziedziny. Mo\u017cesz zdobywa\u0107 wiedz\u0119 i umiej\u0119tno\u015bci kiedy chcesz i gdzie chcesz.<\/p>\n\n\n\n<div class=\"wp-block-columns is-layout-flex wp-container-core-columns-is-layout-9d6595d7 wp-block-columns-is-layout-flex\">\n<div class=\"wp-block-column is-layout-flow wp-block-column-is-layout-flow\">\n<figure class=\"wp-block-image size-full is-resized\"><a href=\"https:\/\/strefakursow.pl\/kursy\/it_i_oprogramowanie\/kurs_jak_zadbac_o_bezpieczenstwo_w_it.html?ref=193865\"><img loading=\"lazy\" decoding=\"async\" src=\"https:\/\/zarabiamonline.com\/wp-content\/uploads\/2023\/01\/kurs_jak_zadbac_o_bezpieczenstwo_w_it.png\" alt=\"\" class=\"wp-image-602\" width=\"402\" height=\"402\" srcset=\"https:\/\/zarabiamonline.com\/wp-content\/uploads\/2023\/01\/kurs_jak_zadbac_o_bezpieczenstwo_w_it.png 250w, https:\/\/zarabiamonline.com\/wp-content\/uploads\/2023\/01\/kurs_jak_zadbac_o_bezpieczenstwo_w_it-150x150.png 150w\" sizes=\"auto, (max-width: 402px) 100vw, 402px\" \/><\/a><\/figure>\n\n\n\n<p><strong>Jak zadba\u0107 o bezpiecze\u0144stwo w IT<\/strong><\/p>\n\n\n\n<div class=\"wp-block-buttons is-layout-flex wp-block-buttons-is-layout-flex\">\n<div class=\"wp-block-button is-style-outline is-style-outline--1\"><a class=\"wp-block-button__link wp-element-button\" href=\"https:\/\/strefakursow.pl\/kursy\/it_i_oprogramowanie\/kurs_jak_zadbac_o_bezpieczenstwo_w_it.html?ref=193865\"><strong><mark style=\"background-color:rgba(0, 0, 0, 0)\" class=\"has-inline-color has-vivid-red-color\">Czytaj wi\u0119cej&#8230;<\/mark><\/strong><\/a><\/div>\n<\/div>\n<\/div>\n\n\n\n<div class=\"wp-block-column is-layout-flow wp-block-column-is-layout-flow\">\n<figure class=\"wp-block-image size-full is-resized\"><a href=\"https:\/\/strefakursow.pl\/kursy\/it_i_oprogramowanie\/kurs_podstawy_bezpieczenstwa_w_internecie_dla_kazdego.html?ref=193865\"><img loading=\"lazy\" decoding=\"async\" src=\"https:\/\/zarabiamonline.com\/wp-content\/uploads\/2023\/01\/kurs_podstawy_bezpieczenstwa_w_sieci_dla_kazdego.png\" alt=\"\" class=\"wp-image-332\" width=\"402\" height=\"402\" srcset=\"https:\/\/zarabiamonline.com\/wp-content\/uploads\/2023\/01\/kurs_podstawy_bezpieczenstwa_w_sieci_dla_kazdego.png 250w, https:\/\/zarabiamonline.com\/wp-content\/uploads\/2023\/01\/kurs_podstawy_bezpieczenstwa_w_sieci_dla_kazdego-150x150.png 150w\" sizes=\"auto, (max-width: 402px) 100vw, 402px\" \/><\/a><\/figure>\n\n\n\n<p><strong>Podstawy bezpiecze\u0144stwa w Internecie dla ka\u017cdego<\/strong><\/p>\n\n\n\n<div class=\"wp-block-buttons is-layout-flex wp-block-buttons-is-layout-flex\">\n<div class=\"wp-block-button is-style-outline is-style-outline--2\"><a class=\"wp-block-button__link wp-element-button\" href=\"https:\/\/strefakursow.pl\/kursy\/it_i_oprogramowanie\/kurs_podstawy_bezpieczenstwa_w_internecie_dla_kazdego.html?ref=193865\"><strong><mark style=\"background-color:rgba(0, 0, 0, 0)\" class=\"has-inline-color has-vivid-red-color\">Czytaj wi\u0119cej&#8230;<\/mark><\/strong><\/a><\/div>\n<\/div>\n<\/div>\n<\/div>\n\n\n\n<div class=\"wp-block-columns is-layout-flex wp-container-core-columns-is-layout-9d6595d7 wp-block-columns-is-layout-flex\">\n<div class=\"wp-block-column is-layout-flow wp-block-column-is-layout-flow\">\n<figure class=\"wp-block-image size-full is-resized\"><a href=\"https:\/\/strefakursow.pl\/kursy\/programowanie\/kurs_bezpieczenstwo_aplikacji_webowych.html?ref=193865\"><img loading=\"lazy\" decoding=\"async\" src=\"https:\/\/zarabiamonline.com\/wp-content\/uploads\/2023\/01\/bezpieczenstwo_aplikacji_webowych.png\" alt=\"\" class=\"wp-image-391\" width=\"402\" height=\"402\" srcset=\"https:\/\/zarabiamonline.com\/wp-content\/uploads\/2023\/01\/bezpieczenstwo_aplikacji_webowych.png 250w, https:\/\/zarabiamonline.com\/wp-content\/uploads\/2023\/01\/bezpieczenstwo_aplikacji_webowych-150x150.png 150w\" sizes=\"auto, (max-width: 402px) 100vw, 402px\" \/><\/a><\/figure>\n\n\n\n<p><strong>Bezpiecze\u0144stwo aplikacji webowych<\/strong><\/p>\n\n\n\n<div class=\"wp-block-buttons is-layout-flex wp-block-buttons-is-layout-flex\">\n<div class=\"wp-block-button is-style-outline is-style-outline--3\"><a class=\"wp-block-button__link wp-element-button\" href=\"https:\/\/strefakursow.pl\/kursy\/programowanie\/kurs_bezpieczenstwo_aplikacji_webowych.html?ref=193865\"><strong><mark style=\"background-color:rgba(0, 0, 0, 0)\" class=\"has-inline-color has-vivid-red-color\">Czytaj wi\u0119cej&#8230;<\/mark><\/strong><\/a><\/div>\n<\/div>\n<\/div>\n\n\n\n<div class=\"wp-block-column is-layout-flow wp-block-column-is-layout-flow\">\n<figure class=\"wp-block-image size-full is-resized\"><a href=\"https:\/\/strefakursow.pl\/kursy\/it_i_oprogramowanie\/wdrazanie_aplikacji_na_serwer.html?ref=193865\"><img loading=\"lazy\" decoding=\"async\" src=\"https:\/\/zarabiamonline.com\/wp-content\/uploads\/2023\/01\/Wdrazanie_aplikacji_na_serwer.png\" alt=\"\" class=\"wp-image-434\" width=\"402\" height=\"402\" srcset=\"https:\/\/zarabiamonline.com\/wp-content\/uploads\/2023\/01\/Wdrazanie_aplikacji_na_serwer.png 250w, https:\/\/zarabiamonline.com\/wp-content\/uploads\/2023\/01\/Wdrazanie_aplikacji_na_serwer-150x150.png 150w\" sizes=\"auto, (max-width: 402px) 100vw, 402px\" \/><\/a><\/figure>\n\n\n\n<p><strong>Wdro\u017cenie aplikacji na serwer<\/strong><\/p>\n\n\n\n<div class=\"wp-block-buttons is-layout-flex wp-block-buttons-is-layout-flex\">\n<div class=\"wp-block-button is-style-outline is-style-outline--4\"><a class=\"wp-block-button__link wp-element-button\" href=\"https:\/\/strefakursow.pl\/kursy\/it_i_oprogramowanie\/wdrazanie_aplikacji_na_serwer.html?ref=193865\"><strong><mark style=\"background-color:rgba(0, 0, 0, 0)\" class=\"has-inline-color has-vivid-red-color\">Czytaj wi\u0119cej&#8230;<\/mark><\/strong><\/a><\/div>\n<\/div>\n<\/div>\n<\/div>\n\n\n\n<div class=\"wp-block-columns is-layout-flex wp-container-core-columns-is-layout-9d6595d7 wp-block-columns-is-layout-flex\">\n<div class=\"wp-block-column is-layout-flow wp-block-column-is-layout-flow\">\n<figure class=\"wp-block-image size-full is-resized\"><a href=\"https:\/\/strefakursow.pl\/kursy\/it_i_oprogramowanie\/kurs_excel_dla_sprzedawcow.html?ref=193865\"><img loading=\"lazy\" decoding=\"async\" src=\"https:\/\/zarabiamonline.com\/wp-content\/uploads\/2023\/01\/kurs_excel_dla_sprzedawcow.png\" alt=\"\" class=\"wp-image-611\" width=\"403\" height=\"403\" srcset=\"https:\/\/zarabiamonline.com\/wp-content\/uploads\/2023\/01\/kurs_excel_dla_sprzedawcow.png 250w, https:\/\/zarabiamonline.com\/wp-content\/uploads\/2023\/01\/kurs_excel_dla_sprzedawcow-150x150.png 150w\" sizes=\"auto, (max-width: 403px) 100vw, 403px\" \/><\/a><\/figure>\n\n\n\n<p><strong>Excel dla sprzedawc\u00f3w <\/strong><\/p>\n\n\n\n<div class=\"wp-block-buttons is-layout-flex wp-block-buttons-is-layout-flex\">\n<div class=\"wp-block-button is-style-outline is-style-outline--5\"><a class=\"wp-block-button__link wp-element-button\" href=\"https:\/\/strefakursow.pl\/kursy\/it_i_oprogramowanie\/kurs_excel_dla_sprzedawcow.html?ref=193865\"><strong><mark style=\"background-color:rgba(0, 0, 0, 0)\" class=\"has-inline-color has-vivid-red-color\">Czytaj wi\u0119cej&#8230;<\/mark><\/strong><\/a><\/div>\n<\/div>\n<\/div>\n\n\n\n<div class=\"wp-block-column is-layout-flow wp-block-column-is-layout-flow\">\n<figure class=\"wp-block-image size-full is-resized\"><a href=\"https:\/\/strefakursow.pl\/kursy\/it_i_oprogramowanie\/jak_przyspieszac_i_optymalizowac_strony.html?ref=193865\"><img loading=\"lazy\" decoding=\"async\" src=\"https:\/\/zarabiamonline.com\/wp-content\/uploads\/2023\/01\/Jak-przyspieszac-i-optymalizowac-strony.png\" alt=\"\" class=\"wp-image-617\" width=\"402\" height=\"402\" srcset=\"https:\/\/zarabiamonline.com\/wp-content\/uploads\/2023\/01\/Jak-przyspieszac-i-optymalizowac-strony.png 250w, https:\/\/zarabiamonline.com\/wp-content\/uploads\/2023\/01\/Jak-przyspieszac-i-optymalizowac-strony-150x150.png 150w\" sizes=\"auto, (max-width: 402px) 100vw, 402px\" \/><\/a><\/figure>\n\n\n\n<p><strong>Jak przyspiesza\u0107 i optymalizowa\u0107 strony<\/strong><\/p>\n\n\n\n<div class=\"wp-block-buttons is-layout-flex wp-block-buttons-is-layout-flex\">\n<div class=\"wp-block-button is-style-outline is-style-outline--6\"><a class=\"wp-block-button__link wp-element-button\" href=\"https:\/\/strefakursow.pl\/kursy\/it_i_oprogramowanie\/jak_przyspieszac_i_optymalizowac_strony.html?ref=193865\"><strong><mark style=\"background-color:rgba(0, 0, 0, 0)\" class=\"has-inline-color has-vivid-red-color\">Czytaj wi\u0119cej&#8230;<\/mark><\/strong><\/a><\/div>\n<\/div>\n<\/div>\n<\/div>\n","protected":false},"excerpt":{"rendered":"<p>Dzi\u0119ki kursom prezentowanym poni\u017cej zdob\u0119dziesz niezb\u0119dn\u0105 wiedz\u0119 i umiej\u0119tno\u015bci aby zacz\u0105\u0107 prac\u0119 online. Wszystkie kursy s\u0105 w formie filmu i zosta\u0142y opracowane przez ekspert\u00f3w z danej dziedziny. Mo\u017cesz zdobywa\u0107 wiedz\u0119 i umiej\u0119tno\u015bci kiedy chcesz i gdzie chcesz. Jak zadba\u0107 o bezpiecze\u0144stwo w IT Podstawy bezpiecze\u0144stwa w Internecie dla ka\u017cdego Bezpiecze\u0144stwo aplikacji webowych Wdro\u017cenie aplikacji na [&hellip;]<\/p>\n","protected":false},"author":1,"featured_media":0,"parent":0,"menu_order":0,"comment_status":"closed","ping_status":"closed","template":"","meta":{"footnotes":""},"class_list":["post-496","page","type-page","status-publish","hentry"],"_links":{"self":[{"href":"https:\/\/zarabiamonline.com\/index.php\/wp-json\/wp\/v2\/pages\/496","targetHints":{"allow":["GET"]}}],"collection":[{"href":"https:\/\/zarabiamonline.com\/index.php\/wp-json\/wp\/v2\/pages"}],"about":[{"href":"https:\/\/zarabiamonline.com\/index.php\/wp-json\/wp\/v2\/types\/page"}],"author":[{"embeddable":true,"href":"https:\/\/zarabiamonline.com\/index.php\/wp-json\/wp\/v2\/users\/1"}],"replies":[{"embeddable":true,"href":"https:\/\/zarabiamonline.com\/index.php\/wp-json\/wp\/v2\/comments?post=496"}],"version-history":[{"count":10,"href":"https:\/\/zarabiamonline.com\/index.php\/wp-json\/wp\/v2\/pages\/496\/revisions"}],"predecessor-version":[{"id":621,"href":"https:\/\/zarabiamonline.com\/index.php\/wp-json\/wp\/v2\/pages\/496\/revisions\/621"}],"wp:attachment":[{"href":"https:\/\/zarabiamonline.com\/index.php\/wp-json\/wp\/v2\/media?parent=496"}],"curies":[{"name":"wp","href":"https:\/\/api.w.org\/{rel}","templated":true}]}}