{"id":499,"date":"2023-01-21T17:24:09","date_gmt":"2023-01-21T16:24:09","guid":{"rendered":"http:\/\/zarabiamonline.com\/?page_id=499"},"modified":"2023-01-21T23:31:24","modified_gmt":"2023-01-21T22:31:24","slug":"fotografia-i-wideo","status":"publish","type":"page","link":"https:\/\/zarabiamonline.com\/index.php\/fotografia-i-wideo\/","title":{"rendered":"Fotografia i wideo"},"content":{"rendered":"\n<p>Dzi\u0119ki kursom prezentowanym poni\u017cej zdob\u0119dziesz niezb\u0119dn\u0105 wiedz\u0119 i umiej\u0119tno\u015bci aby zacz\u0105\u0107 prac\u0119 online. Wszystkie kursy s\u0105 w formie filmu i zosta\u0142y opracowane przez ekspert\u00f3w z danej dziedziny. Mo\u017cesz zdobywa\u0107 wiedz\u0119 i umiej\u0119tno\u015bci kiedy chcesz i gdzie chcesz.<\/p>\n\n\n\n<hr class=\"wp-block-separator has-alpha-channel-opacity\"\/>\n\n\n\n<div class=\"wp-block-columns is-layout-flex wp-container-core-columns-is-layout-9d6595d7 wp-block-columns-is-layout-flex\">\n<div class=\"wp-block-column is-layout-flow wp-block-column-is-layout-flow\">\n<figure class=\"wp-block-image size-full is-resized\"><a href=\"https:\/\/strefakursow.pl\/kursy\/fotografia_i_wideo\/kurs_produkcja_spotu_reklamowego_od_a_do_z.html?ref=193865\"><img loading=\"lazy\" decoding=\"async\" src=\"https:\/\/zarabiamonline.com\/wp-content\/uploads\/2023\/01\/kurs_produkcja_spotu_reklamowego_od_a_do_z.png\" alt=\"\" class=\"wp-image-302\" width=\"403\" height=\"403\" srcset=\"https:\/\/zarabiamonline.com\/wp-content\/uploads\/2023\/01\/kurs_produkcja_spotu_reklamowego_od_a_do_z.png 250w, https:\/\/zarabiamonline.com\/wp-content\/uploads\/2023\/01\/kurs_produkcja_spotu_reklamowego_od_a_do_z-150x150.png 150w\" sizes=\"auto, (max-width: 403px) 100vw, 403px\" \/><\/a><\/figure>\n\n\n\n<p><strong>Klip reklamowy od A do Z<\/strong><\/p>\n\n\n\n<div class=\"wp-block-buttons is-layout-flex wp-block-buttons-is-layout-flex\">\n<div class=\"wp-block-button is-style-outline is-style-outline--1\"><a class=\"wp-block-button__link wp-element-button\" href=\"https:\/\/strefakursow.pl\/kursy\/fotografia_i_wideo\/kurs_produkcja_spotu_reklamowego_od_a_do_z.html?ref=193865\"><strong><mark style=\"background-color:rgba(0, 0, 0, 0)\" class=\"has-inline-color has-vivid-red-color\">Czytaj wi\u0119cej&#8230;<\/mark><\/strong><\/a><\/div>\n<\/div>\n<\/div>\n\n\n\n<div class=\"wp-block-column is-layout-flow wp-block-column-is-layout-flow\">\n<figure class=\"wp-block-image size-full is-resized\"><a href=\"https:\/\/strefakursow.pl\/kursy\/fotografia_i_wideo\/kurs_hitfilm_express_-_jak_edytowac_i_montowac_filmy.html?ref=193865\"><img loading=\"lazy\" decoding=\"async\" src=\"https:\/\/zarabiamonline.com\/wp-content\/uploads\/2023\/01\/kurs_hitfilm_express_-_jak_edytowac_i_montowac_filmy.png\" alt=\"\" class=\"wp-image-316\" width=\"401\" height=\"401\" srcset=\"https:\/\/zarabiamonline.com\/wp-content\/uploads\/2023\/01\/kurs_hitfilm_express_-_jak_edytowac_i_montowac_filmy.png 250w, https:\/\/zarabiamonline.com\/wp-content\/uploads\/2023\/01\/kurs_hitfilm_express_-_jak_edytowac_i_montowac_filmy-150x150.png 150w\" sizes=\"auto, (max-width: 401px) 100vw, 401px\" \/><\/a><\/figure>\n\n\n\n<p><strong>HitFilm Express &#8211; jak edytowa\u0107 i montowa\u0107 filmy<\/strong><\/p>\n\n\n\n<div class=\"wp-block-buttons is-layout-flex wp-block-buttons-is-layout-flex\">\n<div class=\"wp-block-button is-style-outline is-style-outline--2\"><a class=\"wp-block-button__link wp-element-button\" href=\"https:\/\/strefakursow.pl\/kursy\/fotografia_i_wideo\/kurs_hitfilm_express_-_jak_edytowac_i_montowac_filmy.html?ref=193865\"><strong><mark style=\"background-color:rgba(0, 0, 0, 0)\" class=\"has-inline-color has-vivid-red-color\">Czytaj wi\u0119cej&#8230;<\/mark><\/strong><\/a><\/div>\n<\/div>\n<\/div>\n<\/div>\n\n\n\n<div class=\"wp-block-columns is-layout-flex wp-container-core-columns-is-layout-9d6595d7 wp-block-columns-is-layout-flex\">\n<div class=\"wp-block-column is-layout-flow wp-block-column-is-layout-flow\">\n<figure class=\"wp-block-image size-full is-resized\"><a href=\"https:\/\/strefakursow.pl\/kursy\/fotografia_i_wideo\/kurs_fotografia_nieruchomosci.html?ref=193865\"><img loading=\"lazy\" decoding=\"async\" src=\"https:\/\/zarabiamonline.com\/wp-content\/uploads\/2023\/01\/kurs_fotografia_nieruchomosci.png\" alt=\"\" class=\"wp-image-627\" width=\"402\" height=\"402\" srcset=\"https:\/\/zarabiamonline.com\/wp-content\/uploads\/2023\/01\/kurs_fotografia_nieruchomosci.png 250w, https:\/\/zarabiamonline.com\/wp-content\/uploads\/2023\/01\/kurs_fotografia_nieruchomosci-150x150.png 150w\" sizes=\"auto, (max-width: 402px) 100vw, 402px\" \/><\/a><\/figure>\n\n\n\n<p><strong>Fotografia nieruchomo\u015bci<\/strong><\/p>\n\n\n\n<div class=\"wp-block-buttons is-layout-flex wp-block-buttons-is-layout-flex\">\n<div class=\"wp-block-button is-style-outline is-style-outline--3\"><a class=\"wp-block-button__link wp-element-button\" href=\"https:\/\/strefakursow.pl\/kursy\/fotografia_i_wideo\/kurs_fotografia_nieruchomosci.html?ref=193865\"><strong><mark style=\"background-color:rgba(0, 0, 0, 0)\" class=\"has-inline-color has-vivid-red-color\">Czytaj wi\u0119cej&#8230;<\/mark><\/strong><\/a><\/div>\n<\/div>\n<\/div>\n\n\n\n<div class=\"wp-block-column is-layout-flow wp-block-column-is-layout-flow\">\n<figure class=\"wp-block-image size-full is-resized\"><a href=\"https:\/\/strefakursow.pl\/kursy\/fotografia_i_wideo\/kurs_vegas_pro_-_montaz_filmow_od_podstaw.html?ref=193865\"><img loading=\"lazy\" decoding=\"async\" src=\"https:\/\/zarabiamonline.com\/wp-content\/uploads\/2023\/01\/kurs_vegas_pro_-_montaz_filmow_od_podstaw.png\" alt=\"\" class=\"wp-image-629\" width=\"402\" height=\"402\" srcset=\"https:\/\/zarabiamonline.com\/wp-content\/uploads\/2023\/01\/kurs_vegas_pro_-_montaz_filmow_od_podstaw.png 250w, https:\/\/zarabiamonline.com\/wp-content\/uploads\/2023\/01\/kurs_vegas_pro_-_montaz_filmow_od_podstaw-150x150.png 150w\" sizes=\"auto, (max-width: 402px) 100vw, 402px\" \/><\/a><\/figure>\n\n\n\n<p><strong>Vegas Pro monta\u017c film\u00f3w od podstaw<\/strong><\/p>\n\n\n\n<div class=\"wp-block-buttons is-layout-flex wp-block-buttons-is-layout-flex\">\n<div class=\"wp-block-button is-style-outline is-style-outline--4\"><a class=\"wp-block-button__link wp-element-button\" href=\"https:\/\/strefakursow.pl\/kursy\/fotografia_i_wideo\/kurs_vegas_pro_-_montaz_filmow_od_podstaw.html?ref=193865\"><strong><mark style=\"background-color:rgba(0, 0, 0, 0)\" class=\"has-inline-color has-vivid-red-color\">Czytaj wi\u0119cej&#8230;<\/mark><\/strong><\/a><\/div>\n<\/div>\n<\/div>\n<\/div>\n\n\n\n<div class=\"wp-block-columns is-layout-flex wp-container-core-columns-is-layout-9d6595d7 wp-block-columns-is-layout-flex\">\n<div class=\"wp-block-column is-layout-flow wp-block-column-is-layout-flow\">\n<figure class=\"wp-block-image size-full is-resized\"><a href=\"https:\/\/strefakursow.pl\/kursy\/fotografia_i_wideo\/kurs_davinci_resolve_-_montaz_filmow_od_podstaw.html?ref=193865\"><img loading=\"lazy\" decoding=\"async\" src=\"https:\/\/zarabiamonline.com\/wp-content\/uploads\/2023\/01\/kurs_davinci_resolve_-_montaz_filmow_od_podstaw.png\" alt=\"\" class=\"wp-image-633\" width=\"403\" height=\"403\" srcset=\"https:\/\/zarabiamonline.com\/wp-content\/uploads\/2023\/01\/kurs_davinci_resolve_-_montaz_filmow_od_podstaw.png 250w, https:\/\/zarabiamonline.com\/wp-content\/uploads\/2023\/01\/kurs_davinci_resolve_-_montaz_filmow_od_podstaw-150x150.png 150w\" sizes=\"auto, (max-width: 403px) 100vw, 403px\" \/><\/a><\/figure>\n\n\n\n<p><strong>DaVinci Resolve monta\u017c film\u00f3w od podstaw<\/strong><\/p>\n\n\n\n<div class=\"wp-block-buttons is-layout-flex wp-block-buttons-is-layout-flex\">\n<div class=\"wp-block-button is-style-outline is-style-outline--5\"><a class=\"wp-block-button__link wp-element-button\" href=\"https:\/\/strefakursow.pl\/kursy\/fotografia_i_wideo\/kurs_davinci_resolve_-_montaz_filmow_od_podstaw.html?ref=193865\"><strong><mark style=\"background-color:rgba(0, 0, 0, 0)\" class=\"has-inline-color has-vivid-red-color\">Czytaj wi\u0119cej&#8230;<\/mark><\/strong><\/a><\/div>\n<\/div>\n<\/div>\n\n\n\n<div class=\"wp-block-column is-layout-flow wp-block-column-is-layout-flow\">\n<figure class=\"wp-block-image size-full is-resized\"><a href=\"https:\/\/strefakursow.pl\/kursy\/fotografia_i_wideo\/kurs_animacja_whiteboard_w_biznesie_i_marketingu.html?ref=193865\"><img loading=\"lazy\" decoding=\"async\" src=\"https:\/\/zarabiamonline.com\/wp-content\/uploads\/2023\/01\/kurs_animacja_whiteboard_w_biznesie_i_marketingu.png\" alt=\"\" class=\"wp-image-635\" width=\"402\" height=\"402\" srcset=\"https:\/\/zarabiamonline.com\/wp-content\/uploads\/2023\/01\/kurs_animacja_whiteboard_w_biznesie_i_marketingu.png 250w, https:\/\/zarabiamonline.com\/wp-content\/uploads\/2023\/01\/kurs_animacja_whiteboard_w_biznesie_i_marketingu-150x150.png 150w\" sizes=\"auto, (max-width: 402px) 100vw, 402px\" \/><\/a><\/figure>\n\n\n\n<p><strong>Animacja whiteboard w biznesie i marketingu<\/strong><\/p>\n\n\n\n<div class=\"wp-block-buttons is-layout-flex wp-block-buttons-is-layout-flex\">\n<div class=\"wp-block-button is-style-outline is-style-outline--6\"><a class=\"wp-block-button__link wp-element-button\" href=\"https:\/\/strefakursow.pl\/kursy\/fotografia_i_wideo\/kurs_animacja_whiteboard_w_biznesie_i_marketingu.html?ref=193865\"><strong><mark style=\"background-color:rgba(0, 0, 0, 0)\" class=\"has-inline-color has-vivid-red-color\">Czytaj wi\u0119cej&#8230;<\/mark><\/strong><\/a><\/div>\n<\/div>\n<\/div>\n<\/div>\n\n\n\n<div class=\"wp-block-columns is-layout-flex wp-container-core-columns-is-layout-9d6595d7 wp-block-columns-is-layout-flex\">\n<div class=\"wp-block-column is-layout-flow wp-block-column-is-layout-flow\">\n<figure class=\"wp-block-image size-full is-resized\"><a href=\"https:\/\/strefakursow.pl\/kursy\/projektowanie\/kurs_gimp_2_10_-_podstawy_edycji_grafiki.html?ref=193865\"><img loading=\"lazy\" decoding=\"async\" src=\"https:\/\/zarabiamonline.com\/wp-content\/uploads\/2023\/01\/kurs_gimp_2_10_podstawy_edycji_grafiki.png\" alt=\"\" class=\"wp-image-388\" width=\"401\" height=\"401\" srcset=\"https:\/\/zarabiamonline.com\/wp-content\/uploads\/2023\/01\/kurs_gimp_2_10_podstawy_edycji_grafiki.png 250w, https:\/\/zarabiamonline.com\/wp-content\/uploads\/2023\/01\/kurs_gimp_2_10_podstawy_edycji_grafiki-150x150.png 150w\" sizes=\"auto, (max-width: 401px) 100vw, 401px\" \/><\/a><\/figure>\n\n\n\n<p><strong>GIMP 2.10 podstawy edycji grafiki<\/strong><\/p>\n\n\n\n<div class=\"wp-block-buttons is-layout-flex wp-block-buttons-is-layout-flex\">\n<div class=\"wp-block-button is-style-outline is-style-outline--7\"><a class=\"wp-block-button__link wp-element-button\" href=\"https:\/\/strefakursow.pl\/kursy\/projektowanie\/kurs_gimp_2_10_-_podstawy_edycji_grafiki.html?ref=193865\"><strong><mark style=\"background-color:rgba(0, 0, 0, 0)\" class=\"has-inline-color has-vivid-red-color\">Czytaj wi\u0119cej&#8230;<\/mark><\/strong><\/a><\/div>\n<\/div>\n<\/div>\n\n\n\n<div class=\"wp-block-column is-layout-flow wp-block-column-is-layout-flow\">\n<figure class=\"wp-block-image size-full is-resized\"><a href=\"https:\/\/strefakursow.pl\/kursy\/projektowanie\/kurs_gimp_2_10_-_praktyczne_projekty.html?ref=193865\"><img loading=\"lazy\" decoding=\"async\" src=\"https:\/\/zarabiamonline.com\/wp-content\/uploads\/2023\/01\/kurs_gimp_2_10_-_praktyczne_projekty-1.png\" alt=\"\" class=\"wp-image-640\" width=\"403\" height=\"403\" srcset=\"https:\/\/zarabiamonline.com\/wp-content\/uploads\/2023\/01\/kurs_gimp_2_10_-_praktyczne_projekty-1.png 250w, https:\/\/zarabiamonline.com\/wp-content\/uploads\/2023\/01\/kurs_gimp_2_10_-_praktyczne_projekty-1-150x150.png 150w\" sizes=\"auto, (max-width: 403px) 100vw, 403px\" \/><\/a><\/figure>\n\n\n\n<p><strong>GIMP 2.10 praktyczne projekty<\/strong><\/p>\n\n\n\n<div class=\"wp-block-buttons is-layout-flex wp-block-buttons-is-layout-flex\">\n<div class=\"wp-block-button is-style-outline is-style-outline--8\"><a class=\"wp-block-button__link wp-element-button\" href=\"https:\/\/strefakursow.pl\/kursy\/projektowanie\/kurs_gimp_2_10_-_praktyczne_projekty.html?ref=193865\"><strong><mark style=\"background-color:rgba(0, 0, 0, 0)\" class=\"has-inline-color has-vivid-red-color\">Czytaj wi\u0119cej&#8230;<\/mark><\/strong><\/a><\/div>\n<\/div>\n<\/div>\n<\/div>\n\n\n\n<div class=\"wp-block-columns is-layout-flex wp-container-core-columns-is-layout-9d6595d7 wp-block-columns-is-layout-flex\">\n<div class=\"wp-block-column is-layout-flow wp-block-column-is-layout-flow\">\n<figure class=\"wp-block-image size-full is-resized\"><a href=\"https:\/\/strefakursow.pl\/kursy\/projektowanie\/kurs_photoshop_cc_dla_poczatkujacych.html?ref=193865\"><img loading=\"lazy\" decoding=\"async\" src=\"https:\/\/zarabiamonline.com\/wp-content\/uploads\/2023\/01\/adobe_photoshop_cc2017.png\" alt=\"\" class=\"wp-image-417\" width=\"402\" height=\"402\" srcset=\"https:\/\/zarabiamonline.com\/wp-content\/uploads\/2023\/01\/adobe_photoshop_cc2017.png 250w, https:\/\/zarabiamonline.com\/wp-content\/uploads\/2023\/01\/adobe_photoshop_cc2017-150x150.png 150w\" sizes=\"auto, (max-width: 402px) 100vw, 402px\" \/><\/a><\/figure>\n\n\n\n<p><strong>Photoshop CC dla pocz\u0105tkuj\u0105cych<\/strong><\/p>\n\n\n\n<div class=\"wp-block-buttons is-layout-flex wp-block-buttons-is-layout-flex\">\n<div class=\"wp-block-button is-style-outline is-style-outline--9\"><a class=\"wp-block-button__link wp-element-button\" href=\"https:\/\/strefakursow.pl\/kursy\/projektowanie\/kurs_photoshop_cc_dla_poczatkujacych.html?ref=193865\"><strong><mark style=\"background-color:rgba(0, 0, 0, 0)\" class=\"has-inline-color has-vivid-red-color\">Czytaj wi\u0119cej&#8230;<\/mark><\/strong><\/a><\/div>\n<\/div>\n<\/div>\n\n\n\n<div class=\"wp-block-column is-layout-flow wp-block-column-is-layout-flow\">\n<figure class=\"wp-block-image size-full is-resized\"><a href=\"https:\/\/strefakursow.pl\/kursy\/projektowanie\/kurs_adobe_photoshop_cc_-_zaawansowany.html?ref=193865\"><img loading=\"lazy\" decoding=\"async\" src=\"https:\/\/zarabiamonline.com\/wp-content\/uploads\/2023\/01\/adobe_photoshop_cc_zaawansowany.png\" alt=\"\" class=\"wp-image-419\" width=\"402\" height=\"402\" srcset=\"https:\/\/zarabiamonline.com\/wp-content\/uploads\/2023\/01\/adobe_photoshop_cc_zaawansowany.png 250w, https:\/\/zarabiamonline.com\/wp-content\/uploads\/2023\/01\/adobe_photoshop_cc_zaawansowany-150x150.png 150w\" sizes=\"auto, (max-width: 402px) 100vw, 402px\" \/><\/a><\/figure>\n\n\n\n<p><strong>Adobe Photoshop CC zaawansowany<\/strong><\/p>\n\n\n\n<div class=\"wp-block-buttons is-layout-flex wp-block-buttons-is-layout-flex\">\n<div class=\"wp-block-button is-style-outline is-style-outline--10\"><a class=\"wp-block-button__link wp-element-button\" href=\"https:\/\/strefakursow.pl\/kursy\/projektowanie\/kurs_adobe_photoshop_cc_-_zaawansowany.html?ref=193865\"><strong><mark style=\"background-color:rgba(0, 0, 0, 0)\" class=\"has-inline-color has-vivid-red-color\">Czytaj wi\u0119cej&#8230;<\/mark><\/strong><\/a><\/div>\n<\/div>\n<\/div>\n<\/div>\n\n\n\n<div class=\"wp-block-columns is-layout-flex wp-container-core-columns-is-layout-9d6595d7 wp-block-columns-is-layout-flex\">\n<div class=\"wp-block-column is-layout-flow wp-block-column-is-layout-flow\">\n<figure class=\"wp-block-image size-full is-resized\"><a href=\"https:\/\/strefakursow.pl\/kursy\/fotografia_i_wideo\/fotomontaz_w_photoshopie.html?ref=193865\"><img loading=\"lazy\" decoding=\"async\" src=\"https:\/\/zarabiamonline.com\/wp-content\/uploads\/2023\/01\/Fotomontaze_w_Photoshop.png\" alt=\"\" class=\"wp-image-436\" width=\"401\" height=\"401\" srcset=\"https:\/\/zarabiamonline.com\/wp-content\/uploads\/2023\/01\/Fotomontaze_w_Photoshop.png 250w, https:\/\/zarabiamonline.com\/wp-content\/uploads\/2023\/01\/Fotomontaze_w_Photoshop-150x150.png 150w\" sizes=\"auto, (max-width: 401px) 100vw, 401px\" \/><\/a><\/figure>\n\n\n\n<p><strong>Fotomonta\u017c w Photoshopie<\/strong><\/p>\n\n\n\n<div class=\"wp-block-buttons is-layout-flex wp-block-buttons-is-layout-flex\">\n<div class=\"wp-block-button is-style-outline is-style-outline--11\"><a class=\"wp-block-button__link wp-element-button\" href=\"https:\/\/strefakursow.pl\/kursy\/fotografia_i_wideo\/fotomontaz_w_photoshopie.html?ref=193865\"><strong><mark style=\"background-color:rgba(0, 0, 0, 0)\" class=\"has-inline-color has-vivid-red-color\">Czytaj wi\u0119cej&#8230;<\/mark><\/strong><\/a><\/div>\n<\/div>\n<\/div>\n\n\n\n<div class=\"wp-block-column is-layout-flow wp-block-column-is-layout-flow\">\n<figure class=\"wp-block-image size-full is-resized\"><a href=\"https:\/\/strefakursow.pl\/kursy\/fotografia_i_wideo\/kurs_gimp_od_podstaw.html?ref=193865\"><img loading=\"lazy\" decoding=\"async\" src=\"https:\/\/zarabiamonline.com\/wp-content\/uploads\/2023\/01\/Kurs_Gimp_od_podstaw1.png\" alt=\"\" class=\"wp-image-445\" width=\"402\" height=\"402\" srcset=\"https:\/\/zarabiamonline.com\/wp-content\/uploads\/2023\/01\/Kurs_Gimp_od_podstaw1.png 250w, https:\/\/zarabiamonline.com\/wp-content\/uploads\/2023\/01\/Kurs_Gimp_od_podstaw1-150x150.png 150w\" sizes=\"auto, (max-width: 402px) 100vw, 402px\" \/><\/a><\/figure>\n\n\n\n<p><strong>GIMP od podstaw<\/strong><\/p>\n\n\n\n<div class=\"wp-block-buttons is-layout-flex wp-block-buttons-is-layout-flex\">\n<div class=\"wp-block-button is-style-outline is-style-outline--12\"><a class=\"wp-block-button__link wp-element-button\" href=\"https:\/\/strefakursow.pl\/kursy\/fotografia_i_wideo\/kurs_gimp_od_podstaw.html?ref=193865\"><strong><mark style=\"background-color:rgba(0, 0, 0, 0)\" class=\"has-inline-color has-vivid-red-color\">Czytaj wi\u0119cej&#8230;<\/mark><\/strong><\/a><\/div>\n<\/div>\n<\/div>\n<\/div>\n\n\n\n<div class=\"wp-block-columns is-layout-flex wp-container-core-columns-is-layout-9d6595d7 wp-block-columns-is-layout-flex\">\n<div class=\"wp-block-column is-layout-flow wp-block-column-is-layout-flow\">\n<figure class=\"wp-block-image size-full is-resized\"><a href=\"https:\/\/strefakursow.pl\/kursy\/projektowanie\/kurs_gimp_zaawansowany.html?ref=193865\"><img loading=\"lazy\" decoding=\"async\" src=\"https:\/\/zarabiamonline.com\/wp-content\/uploads\/2023\/01\/kurs_gimp_zaawansowany.png\" alt=\"\" class=\"wp-image-428\" width=\"401\" height=\"401\" srcset=\"https:\/\/zarabiamonline.com\/wp-content\/uploads\/2023\/01\/kurs_gimp_zaawansowany.png 250w, https:\/\/zarabiamonline.com\/wp-content\/uploads\/2023\/01\/kurs_gimp_zaawansowany-150x150.png 150w\" sizes=\"auto, (max-width: 401px) 100vw, 401px\" \/><\/a><\/figure>\n\n\n\n<p><strong>GIMP zaawansowany<\/strong><\/p>\n\n\n\n<div class=\"wp-block-buttons is-layout-flex wp-block-buttons-is-layout-flex\">\n<div class=\"wp-block-button is-style-outline is-style-outline--13\"><a class=\"wp-block-button__link wp-element-button\" href=\"https:\/\/strefakursow.pl\/kursy\/projektowanie\/kurs_gimp_zaawansowany.html?ref=193865\"><strong><mark style=\"background-color:rgba(0, 0, 0, 0)\" class=\"has-inline-color has-vivid-red-color\">Czytaj wi\u0119cej&#8230;<\/mark><\/strong><\/a><\/div>\n<\/div>\n<\/div>\n\n\n\n<div class=\"wp-block-column is-layout-flow wp-block-column-is-layout-flow\">\n<figure class=\"wp-block-image size-full is-resized\"><a href=\"https:\/\/strefakursow.pl\/kursy\/fotografia_i_wideo\/kurs_fotografii_dla_kazdego.html?ref=193865\"><img loading=\"lazy\" decoding=\"async\" src=\"https:\/\/zarabiamonline.com\/wp-content\/uploads\/2023\/01\/Kurs-fotografii-dla-kazdego.png\" alt=\"\" class=\"wp-image-653\" width=\"402\" height=\"402\" srcset=\"https:\/\/zarabiamonline.com\/wp-content\/uploads\/2023\/01\/Kurs-fotografii-dla-kazdego.png 250w, https:\/\/zarabiamonline.com\/wp-content\/uploads\/2023\/01\/Kurs-fotografii-dla-kazdego-150x150.png 150w\" sizes=\"auto, (max-width: 402px) 100vw, 402px\" \/><\/a><\/figure>\n\n\n\n<p><strong>Fotografia dla ka\u017cdego<\/strong><\/p>\n\n\n\n<div class=\"wp-block-buttons is-layout-flex wp-block-buttons-is-layout-flex\">\n<div class=\"wp-block-button is-style-outline is-style-outline--14\"><a class=\"wp-block-button__link wp-element-button\" href=\"https:\/\/strefakursow.pl\/kursy\/fotografia_i_wideo\/kurs_fotografii_dla_kazdego.html?ref=193865\"><strong><mark style=\"background-color:rgba(0, 0, 0, 0)\" class=\"has-inline-color has-vivid-red-color\">Czytaj wi\u0119cej&#8230;<\/mark><\/strong><\/a><\/div>\n<\/div>\n<\/div>\n<\/div>\n\n\n\n<div class=\"wp-block-columns is-layout-flex wp-container-core-columns-is-layout-9d6595d7 wp-block-columns-is-layout-flex\">\n<div class=\"wp-block-column is-layout-flow wp-block-column-is-layout-flow\">\n<figure class=\"wp-block-image size-full is-resized\"><a href=\"https:\/\/strefakursow.pl\/kursy\/fotografia_i_wideo\/kurs_photoshop_-_3d_i_animacja.html?ref=193865\"><img loading=\"lazy\" decoding=\"async\" src=\"https:\/\/zarabiamonline.com\/wp-content\/uploads\/2023\/01\/Kurs-Photoshop-3D-i-animacja.png\" alt=\"\" class=\"wp-image-476\" width=\"403\" height=\"403\" srcset=\"https:\/\/zarabiamonline.com\/wp-content\/uploads\/2023\/01\/Kurs-Photoshop-3D-i-animacja.png 250w, https:\/\/zarabiamonline.com\/wp-content\/uploads\/2023\/01\/Kurs-Photoshop-3D-i-animacja-150x150.png 150w\" sizes=\"auto, (max-width: 403px) 100vw, 403px\" \/><\/a><\/figure>\n\n\n\n<p><strong>Photoshop 3D i animacje<\/strong><\/p>\n\n\n\n<div class=\"wp-block-buttons is-layout-flex wp-block-buttons-is-layout-flex\">\n<div class=\"wp-block-button is-style-outline is-style-outline--15\"><a class=\"wp-block-button__link wp-element-button\" href=\"https:\/\/strefakursow.pl\/kursy\/fotografia_i_wideo\/kurs_photoshop_-_3d_i_animacja.html?ref=193865\"><strong><mark style=\"background-color:rgba(0, 0, 0, 0)\" class=\"has-inline-color has-vivid-red-color\">Czytaj wi\u0119cej&#8230;<\/mark><\/strong><\/a><\/div>\n<\/div>\n<\/div>\n\n\n\n<div class=\"wp-block-column is-layout-flow wp-block-column-is-layout-flow\">\n<figure class=\"wp-block-image size-full is-resized\"><a href=\"https:\/\/strefakursow.pl\/kursy\/fotografia_i_wideo\/kurs_photoshop_dla_fotografa.html?ref=193865\"><img loading=\"lazy\" decoding=\"async\" src=\"https:\/\/zarabiamonline.com\/wp-content\/uploads\/2023\/01\/Kurs-Photoshop-dla-fotografa.png\" alt=\"\" class=\"wp-image-478\" width=\"401\" height=\"401\" srcset=\"https:\/\/zarabiamonline.com\/wp-content\/uploads\/2023\/01\/Kurs-Photoshop-dla-fotografa.png 250w, https:\/\/zarabiamonline.com\/wp-content\/uploads\/2023\/01\/Kurs-Photoshop-dla-fotografa-150x150.png 150w\" sizes=\"auto, (max-width: 401px) 100vw, 401px\" \/><\/a><\/figure>\n\n\n\n<p><strong>Photoshop dla fotografa<\/strong><\/p>\n\n\n\n<div class=\"wp-block-buttons is-layout-flex wp-block-buttons-is-layout-flex\">\n<div class=\"wp-block-button is-style-outline is-style-outline--16\"><a class=\"wp-block-button__link wp-element-button\" href=\"https:\/\/strefakursow.pl\/kursy\/fotografia_i_wideo\/kurs_photoshop_dla_fotografa.html?ref=193865\"><strong><mark style=\"background-color:rgba(0, 0, 0, 0)\" class=\"has-inline-color has-vivid-red-color\">Czytaj wi\u0119cej&#8230;<\/mark><\/strong><\/a><\/div>\n<\/div>\n<\/div>\n<\/div>\n\n\n\n<div class=\"wp-block-columns is-layout-flex wp-container-core-columns-is-layout-9d6595d7 wp-block-columns-is-layout-flex\">\n<div class=\"wp-block-column is-layout-flow wp-block-column-is-layout-flow\">\n<figure class=\"wp-block-image size-full is-resized\"><a href=\"https:\/\/strefakursow.pl\/kursy\/fotografia_i_wideo\/kodeki_i_kompresja_wideo.html?ref=193865\"><img loading=\"lazy\" decoding=\"async\" src=\"https:\/\/zarabiamonline.com\/wp-content\/uploads\/2023\/01\/Kodeki-i-kompresja-wideo.png\" alt=\"\" class=\"wp-image-488\" width=\"402\" height=\"402\" srcset=\"https:\/\/zarabiamonline.com\/wp-content\/uploads\/2023\/01\/Kodeki-i-kompresja-wideo.png 250w, https:\/\/zarabiamonline.com\/wp-content\/uploads\/2023\/01\/Kodeki-i-kompresja-wideo-150x150.png 150w\" sizes=\"auto, (max-width: 402px) 100vw, 402px\" \/><\/a><\/figure>\n\n\n\n<p><strong>Kodeki i kompresja wideo<\/strong><\/p>\n\n\n\n<div class=\"wp-block-buttons is-layout-flex wp-block-buttons-is-layout-flex\">\n<div class=\"wp-block-button is-style-outline is-style-outline--17\"><a class=\"wp-block-button__link wp-element-button\" href=\"https:\/\/strefakursow.pl\/kursy\/fotografia_i_wideo\/kodeki_i_kompresja_wideo.html?ref=193865\"><strong><mark style=\"background-color:rgba(0, 0, 0, 0)\" class=\"has-inline-color has-vivid-red-color\">Czytaj wi\u0119cej&#8230;<\/mark><\/strong><\/a><\/div>\n<\/div>\n<\/div>\n\n\n\n<div class=\"wp-block-column is-layout-flow wp-block-column-is-layout-flow\">\n<figure class=\"wp-block-image size-full is-resized\"><a href=\"https:\/\/strefakursow.pl\/kursy\/fotografia_i_wideo\/kurs_after_effects_-_tworzenie_czolowek.html?ref=193865\"><img loading=\"lazy\" decoding=\"async\" src=\"https:\/\/zarabiamonline.com\/wp-content\/uploads\/2023\/01\/Kurs-After-Effects-tworzenie-czolowek.png\" alt=\"\" class=\"wp-image-662\" width=\"402\" height=\"402\" srcset=\"https:\/\/zarabiamonline.com\/wp-content\/uploads\/2023\/01\/Kurs-After-Effects-tworzenie-czolowek.png 250w, https:\/\/zarabiamonline.com\/wp-content\/uploads\/2023\/01\/Kurs-After-Effects-tworzenie-czolowek-150x150.png 150w\" sizes=\"auto, (max-width: 402px) 100vw, 402px\" \/><\/a><\/figure>\n\n\n\n<p><strong>After Effects &#8211; tworzenie czo\u0142\u00f3wek<\/strong><\/p>\n\n\n\n<div class=\"wp-block-buttons is-layout-flex wp-block-buttons-is-layout-flex\">\n<div class=\"wp-block-button is-style-outline is-style-outline--18\"><a class=\"wp-block-button__link wp-element-button\" href=\"https:\/\/strefakursow.pl\/kursy\/fotografia_i_wideo\/kurs_after_effects_-_tworzenie_czolowek.html?ref=193865\"><strong><mark style=\"background-color:rgba(0, 0, 0, 0)\" class=\"has-inline-color has-vivid-red-color\">Czytaj wi\u0119cej&#8230;<\/mark><\/strong><\/a><\/div>\n<\/div>\n<\/div>\n<\/div>\n","protected":false},"excerpt":{"rendered":"<p>Dzi\u0119ki kursom prezentowanym poni\u017cej zdob\u0119dziesz niezb\u0119dn\u0105 wiedz\u0119 i umiej\u0119tno\u015bci aby zacz\u0105\u0107 prac\u0119 online. Wszystkie kursy s\u0105 w formie filmu i zosta\u0142y opracowane przez ekspert\u00f3w z danej dziedziny. Mo\u017cesz zdobywa\u0107 wiedz\u0119 i umiej\u0119tno\u015bci kiedy chcesz i gdzie chcesz. Klip reklamowy od A do Z HitFilm Express &#8211; jak edytowa\u0107 i montowa\u0107 filmy Fotografia nieruchomo\u015bci Vegas Pro [&hellip;]<\/p>\n","protected":false},"author":1,"featured_media":0,"parent":0,"menu_order":0,"comment_status":"closed","ping_status":"closed","template":"","meta":{"footnotes":""},"class_list":["post-499","page","type-page","status-publish","hentry"],"_links":{"self":[{"href":"https:\/\/zarabiamonline.com\/index.php\/wp-json\/wp\/v2\/pages\/499","targetHints":{"allow":["GET"]}}],"collection":[{"href":"https:\/\/zarabiamonline.com\/index.php\/wp-json\/wp\/v2\/pages"}],"about":[{"href":"https:\/\/zarabiamonline.com\/index.php\/wp-json\/wp\/v2\/types\/page"}],"author":[{"embeddable":true,"href":"https:\/\/zarabiamonline.com\/index.php\/wp-json\/wp\/v2\/users\/1"}],"replies":[{"embeddable":true,"href":"https:\/\/zarabiamonline.com\/index.php\/wp-json\/wp\/v2\/comments?post=499"}],"version-history":[{"count":19,"href":"https:\/\/zarabiamonline.com\/index.php\/wp-json\/wp\/v2\/pages\/499\/revisions"}],"predecessor-version":[{"id":664,"href":"https:\/\/zarabiamonline.com\/index.php\/wp-json\/wp\/v2\/pages\/499\/revisions\/664"}],"wp:attachment":[{"href":"https:\/\/zarabiamonline.com\/index.php\/wp-json\/wp\/v2\/media?parent=499"}],"curies":[{"name":"wp","href":"https:\/\/api.w.org\/{rel}","templated":true}]}}