{"id":50,"date":"2023-01-07T00:29:08","date_gmt":"2023-01-06T23:29:08","guid":{"rendered":"http:\/\/zarabiamonline.com\/?page_id=50"},"modified":"2023-01-27T23:39:07","modified_gmt":"2023-01-27T22:39:07","slug":"ebooki-i-audiobooki","status":"publish","type":"page","link":"https:\/\/zarabiamonline.com\/index.php\/ebooki-i-audiobooki\/","title":{"rendered":"Ebooki i audiobooki"},"content":{"rendered":"\n<p><strong>Programy partnerskie \u2013 droga, od kt\u00f3rej zaczyna\u0142o wielu<\/strong><br>Programy partnerskie to jedna z opcji na rozpocz\u0119cie zarobku w Internecie. Co wi\u0119cej, kiedy oka\u017ce si\u0119, \u017ce znajdziemy skuteczne metody promocji poszczeg\u00f3lnych produkt\u00f3w i us\u0142ug, programy partnerskie mog\u0105 sta\u0107 si\u0119 \u017ar\u00f3d\u0142em powa\u017cnego dochodu. Pokazuje to wiele program\u00f3w partnerskich sprawdzonych produkt\u00f3w, kt\u00f3re ciesz\u0105 si\u0119 du\u017cym zainteresowaniem.<br>R\u00f3wnie\u017c nisze, takie jak produkty zwi\u0105zane z suplementacj\u0105 to bardzo ciekawe opcje, kt\u00f3re nagradzane s\u0105 bardzo wysokimi prowizjami, kt\u00f3re mo\u017cemy prze\u0142o\u017cy\u0107 na super zarobki, je\u015bli tylko b\u0119dziemy sumiennie przyk\u0142ada\u0107 si\u0119 do promocji poszczeg\u00f3lnych firm i ich produkt\u00f3w lub us\u0142ug.<\/p>\n\n\n\n<p><strong>Modele rozlicze\u0144<\/strong><\/p>\n\n\n\n<p><strong>CPA<\/strong>&nbsp;\u2013 Ten model rozlicze\u0144 charakteryzuje si\u0119 najwy\u017cszymi stawkami dochodz\u0105cymi do kilku tysi\u0119cy z\u0142otych. Wynagrodzenie otrzymujemy za ka\u017cdego klienta kt\u00f3ry np. dzi\u0119ki naszemu poleceniu we\u017amie po\u017cyczk\u0119.<\/p>\n\n\n\n<p><strong>CPL<\/strong>&nbsp;\u2013 Wynagrodzenie przyznawane za pozyskanie klienta. Klient musi za\u0142o\u017cy\u0107 konto na portalu internetowym lub poda\u0107 swoje dane i zgodzi\u0107 si\u0119 na kontakt. Otrzymujemy ustalon\u0105 kwot\u0119 za ka\u017cdego pozyskanego klienta.<\/p>\n\n\n\n<p><strong>CPS<\/strong>\u00a0\u2013 Wynagrodzenie otrzymujemy za ka\u017cdego klienta kt\u00f3ry zrobi zakupy dzi\u0119ki naszemu poleceniu. Ten model rozlicze\u0144 stosowany jest najcz\u0119\u015bciej sklepy internetowe i serwisy aukcyjne.<\/p>\n\n\n\n<p><strong>CPC<\/strong>&nbsp;\u2013 Wynagrodzenie za ka\u017cde klikni\u0119cie w reklam\u0119 przez klienta<\/p>\n\n\n\n<p><strong>PPI<\/strong>&nbsp;\u2013 Wynagrodzenie za pobranie aplikacji przez klienta<\/p>\n\n\n\n<p><strong>SMS<\/strong>&nbsp;\u2013 Wynagrodzenie za p\u0142atno\u015b\u0107 za pomoc\u0105 telefonu kom\u00f3rkowego i wiadomo\u015bci o podwy\u017cszonej p\u0142atno\u015bci w celu otrzymania kodu dost\u0119pu.<\/p>\n\n\n\n<p><strong>IVR<\/strong>&nbsp;\u2013 Wynagrodzenie za po\u0142\u0105czenie telefoniczne o podwy\u017cszonej p\u0142atno\u015bci<\/p>\n\n\n\n<p><strong>SMS CHAT<\/strong>\u00a0\u2013 Wynagrodzenie za wys\u0142anie sms o podwy\u017cszonej warto\u015bci<\/p>\n\n\n\n<p>Poni\u017cej przedstawiamy ranking program\u00f3w partnerskich w kt\u00f3rych warto si\u0119 zarejestrowa\u0107 i gdzie otrzymamy najwi\u0119ksz\u0105 prowizj\u0119. Udzia\u0142 we wszystkich opisanych programach jest darmowy.<\/p>\n\n\n\n<hr class=\"wp-block-separator has-alpha-channel-opacity\"\/>\n\n\n\n<p><strong><mark style=\"background-color:rgba(0, 0, 0, 0)\" class=\"has-inline-color has-vivid-red-color\">Program partnerski Z\u0142ote My\u015bli<\/mark><\/strong><\/p>\n\n\n\n<p><strong>Kategoria \u2013 ebooki, audiobooki<\/strong><\/p>\n\n\n\n<figure class=\"wp-block-image size-large\"><img loading=\"lazy\" decoding=\"async\" width=\"1024\" height=\"457\" src=\"https:\/\/zarabiamonline.com\/wp-content\/uploads\/2023\/01\/ZLOTE-MYSLI-1024x457.jpg\" alt=\"\" class=\"wp-image-830\" srcset=\"https:\/\/zarabiamonline.com\/wp-content\/uploads\/2023\/01\/ZLOTE-MYSLI-1024x457.jpg 1024w, https:\/\/zarabiamonline.com\/wp-content\/uploads\/2023\/01\/ZLOTE-MYSLI-300x134.jpg 300w, https:\/\/zarabiamonline.com\/wp-content\/uploads\/2023\/01\/ZLOTE-MYSLI-768x343.jpg 768w, https:\/\/zarabiamonline.com\/wp-content\/uploads\/2023\/01\/ZLOTE-MYSLI.jpg 1335w\" sizes=\"auto, (max-width: 1024px) 100vw, 1024px\" \/><\/figure>\n\n\n\n<p>Program Z\u0142ote My\u015bli oferuj\u0119 produkty z kategorii ebooki, audiobooki ale r\u00f3wnie\u017c produkty drukowane. Prowizje w zale\u017cno\u015bci od produktu wynosz\u0105 od 10 do 40%<\/p>\n\n\n\n<p><strong>Narz\u0119dzia \u2013 linki, banery<\/strong><\/p>\n\n\n\n<div class=\"wp-block-buttons is-layout-flex wp-block-buttons-is-layout-flex\">\n<div class=\"wp-block-button is-style-outline is-style-outline--1\"><a class=\"wp-block-button__link wp-element-button\" href=\"http:\/\/pp.zlotemysli.pl\/new,eebbooki,ZPP\/\"><strong><mark style=\"background-color:rgba(0, 0, 0, 0)\" class=\"has-inline-color has-vivid-red-color\">Czytaj wi\u0119cej&#8230;<\/mark><\/strong><\/a><\/div>\n<\/div>\n\n\n\n<hr class=\"wp-block-separator has-alpha-channel-opacity\"\/>\n\n\n\n<p><strong><mark style=\"background-color:rgba(0, 0, 0, 0)\" class=\"has-inline-color has-vivid-red-color\">Program partnerski Nextranet<\/mark><\/strong><\/p>\n\n\n\n<p><strong>Kategoria \u2013 ebooki, audiobooki<\/strong><\/p>\n\n\n\n<figure class=\"wp-block-image size-large\"><img loading=\"lazy\" decoding=\"async\" width=\"1024\" height=\"458\" src=\"https:\/\/zarabiamonline.com\/wp-content\/uploads\/2023\/01\/NEXTRANET-1024x458.jpg\" alt=\"\" class=\"wp-image-833\" srcset=\"https:\/\/zarabiamonline.com\/wp-content\/uploads\/2023\/01\/NEXTRANET-1024x458.jpg 1024w, https:\/\/zarabiamonline.com\/wp-content\/uploads\/2023\/01\/NEXTRANET-300x134.jpg 300w, https:\/\/zarabiamonline.com\/wp-content\/uploads\/2023\/01\/NEXTRANET-768x343.jpg 768w, https:\/\/zarabiamonline.com\/wp-content\/uploads\/2023\/01\/NEXTRANET.jpg 1335w\" sizes=\"auto, (max-width: 1024px) 100vw, 1024px\" \/><\/figure>\n\n\n\n<p>Program Nextranet oferuj\u0119 produkty z kategorii ebooki, audiobooki, ePras\u0119. Prowizje wynosz\u0105 10%<\/p>\n\n\n\n<p><strong>Narz\u0119dzia \u2013 linki, banery, widgety<\/strong><\/p>\n\n\n\n<div class=\"wp-block-buttons is-layout-flex wp-block-buttons-is-layout-flex\">\n<div class=\"wp-block-button is-style-outline is-style-outline--2\"><a class=\"wp-block-button__link wp-element-button\" href=\"http:\/\/www.nextranet.pl\/?pid=160690\"><strong><mark style=\"background-color:rgba(0, 0, 0, 0)\" class=\"has-inline-color has-vivid-red-color\">Czytaj wi\u0119cej&#8230;<\/mark><\/strong><\/a><\/div>\n<\/div>\n","protected":false},"excerpt":{"rendered":"<p>Programy partnerskie \u2013 droga, od kt\u00f3rej zaczyna\u0142o wieluProgramy partnerskie to jedna z opcji na rozpocz\u0119cie zarobku w Internecie. Co wi\u0119cej, kiedy oka\u017ce si\u0119, \u017ce znajdziemy skuteczne metody promocji poszczeg\u00f3lnych produkt\u00f3w i us\u0142ug, programy partnerskie mog\u0105 sta\u0107 si\u0119 \u017ar\u00f3d\u0142em powa\u017cnego dochodu. Pokazuje to wiele program\u00f3w partnerskich sprawdzonych produkt\u00f3w, kt\u00f3re ciesz\u0105 si\u0119 du\u017cym zainteresowaniem.R\u00f3wnie\u017c nisze, takie jak [&hellip;]<\/p>\n","protected":false},"author":1,"featured_media":0,"parent":0,"menu_order":0,"comment_status":"closed","ping_status":"closed","template":"","meta":{"footnotes":""},"class_list":["post-50","page","type-page","status-publish","hentry"],"_links":{"self":[{"href":"https:\/\/zarabiamonline.com\/index.php\/wp-json\/wp\/v2\/pages\/50","targetHints":{"allow":["GET"]}}],"collection":[{"href":"https:\/\/zarabiamonline.com\/index.php\/wp-json\/wp\/v2\/pages"}],"about":[{"href":"https:\/\/zarabiamonline.com\/index.php\/wp-json\/wp\/v2\/types\/page"}],"author":[{"embeddable":true,"href":"https:\/\/zarabiamonline.com\/index.php\/wp-json\/wp\/v2\/users\/1"}],"replies":[{"embeddable":true,"href":"https:\/\/zarabiamonline.com\/index.php\/wp-json\/wp\/v2\/comments?post=50"}],"version-history":[{"count":4,"href":"https:\/\/zarabiamonline.com\/index.php\/wp-json\/wp\/v2\/pages\/50\/revisions"}],"predecessor-version":[{"id":909,"href":"https:\/\/zarabiamonline.com\/index.php\/wp-json\/wp\/v2\/pages\/50\/revisions\/909"}],"wp:attachment":[{"href":"https:\/\/zarabiamonline.com\/index.php\/wp-json\/wp\/v2\/media?parent=50"}],"curies":[{"name":"wp","href":"https:\/\/api.w.org\/{rel}","templated":true}]}}