{"id":502,"date":"2023-01-21T17:24:31","date_gmt":"2023-01-21T16:24:31","guid":{"rendered":"http:\/\/zarabiamonline.com\/?page_id=502"},"modified":"2023-01-21T23:59:57","modified_gmt":"2023-01-21T22:59:57","slug":"projektowanie","status":"publish","type":"page","link":"https:\/\/zarabiamonline.com\/index.php\/projektowanie\/","title":{"rendered":"Projektowanie"},"content":{"rendered":"\n<p>Dzi\u0119ki kursom prezentowanym poni\u017cej zdob\u0119dziesz niezb\u0119dn\u0105 wiedz\u0119 i umiej\u0119tno\u015bci aby zacz\u0105\u0107 prac\u0119 online. Wszystkie kursy s\u0105 w formie filmu i zosta\u0142y opracowane przez ekspert\u00f3w z danej dziedziny. Mo\u017cesz zdobywa\u0107 wiedz\u0119 i umiej\u0119tno\u015bci kiedy chcesz i gdzie chcesz.<\/p>\n\n\n\n<hr class=\"wp-block-separator has-alpha-channel-opacity\"\/>\n\n\n\n<div class=\"wp-block-columns is-layout-flex wp-container-core-columns-is-layout-9d6595d7 wp-block-columns-is-layout-flex\">\n<div class=\"wp-block-column is-layout-flow wp-block-column-is-layout-flow\">\n<figure class=\"wp-block-image size-full is-resized\"><a href=\"https:\/\/strefakursow.pl\/kursy\/projektowanie\/kurs_figma_-_podstawy_projektowania_interfejsow.html?ref=193865\"><img loading=\"lazy\" decoding=\"async\" src=\"https:\/\/zarabiamonline.com\/wp-content\/uploads\/2023\/01\/kurs_figma_-_podstawy_projektowania_interfejsow.png\" alt=\"\" class=\"wp-image-666\" width=\"403\" height=\"403\" srcset=\"https:\/\/zarabiamonline.com\/wp-content\/uploads\/2023\/01\/kurs_figma_-_podstawy_projektowania_interfejsow.png 250w, https:\/\/zarabiamonline.com\/wp-content\/uploads\/2023\/01\/kurs_figma_-_podstawy_projektowania_interfejsow-150x150.png 150w\" sizes=\"auto, (max-width: 403px) 100vw, 403px\" \/><\/a><\/figure>\n\n\n\n<p><strong>Figma &#8211; podstawy projektowania interfejs\u00f3w<\/strong><\/p>\n\n\n\n<div class=\"wp-block-buttons is-layout-flex wp-block-buttons-is-layout-flex\">\n<div class=\"wp-block-button is-style-outline is-style-outline--1\"><a class=\"wp-block-button__link wp-element-button\" href=\"https:\/\/strefakursow.pl\/kursy\/projektowanie\/kurs_figma_-_podstawy_projektowania_interfejsow.html?ref=193865\"><strong><mark style=\"background-color:rgba(0, 0, 0, 0)\" class=\"has-inline-color has-vivid-red-color\">Czytaj wi\u0119cej&#8230;<\/mark><\/strong><\/a><\/div>\n<\/div>\n<\/div>\n\n\n\n<div class=\"wp-block-column is-layout-flow wp-block-column-is-layout-flow\">\n<figure class=\"wp-block-image size-full is-resized\"><a href=\"https:\/\/strefakursow.pl\/kursy\/projektowanie\/kurs_rysunek_cyfrowy_-_od_koncepcji_do_publikacji.html?ref=193865\"><img loading=\"lazy\" decoding=\"async\" src=\"https:\/\/zarabiamonline.com\/wp-content\/uploads\/2023\/01\/kurs_rysunek_cyfrowy_-_od_koncepcji_do_publikacji.png\" alt=\"\" class=\"wp-image-669\" width=\"402\" height=\"402\" srcset=\"https:\/\/zarabiamonline.com\/wp-content\/uploads\/2023\/01\/kurs_rysunek_cyfrowy_-_od_koncepcji_do_publikacji.png 250w, https:\/\/zarabiamonline.com\/wp-content\/uploads\/2023\/01\/kurs_rysunek_cyfrowy_-_od_koncepcji_do_publikacji-150x150.png 150w\" sizes=\"auto, (max-width: 402px) 100vw, 402px\" \/><\/a><\/figure>\n\n\n\n<p><strong>Rysunek cyfrowy &#8211; od koncepcji do publikacji<\/strong><\/p>\n\n\n\n<div class=\"wp-block-buttons is-layout-flex wp-block-buttons-is-layout-flex\">\n<div class=\"wp-block-button is-style-outline is-style-outline--2\"><a class=\"wp-block-button__link wp-element-button\" href=\"https:\/\/strefakursow.pl\/kursy\/projektowanie\/kurs_rysunek_cyfrowy_-_od_koncepcji_do_publikacji.html?ref=193865\"><strong><mark style=\"background-color:rgba(0, 0, 0, 0)\" class=\"has-inline-color has-vivid-red-color\">Czytaj wi\u0119cej&#8230;<\/mark><\/strong><\/a><\/div>\n<\/div>\n<\/div>\n<\/div>\n\n\n\n<div class=\"wp-block-columns is-layout-flex wp-container-core-columns-is-layout-9d6595d7 wp-block-columns-is-layout-flex\">\n<div class=\"wp-block-column is-layout-flow wp-block-column-is-layout-flow\">\n<figure class=\"wp-block-image size-full is-resized\"><a href=\"https:\/\/strefakursow.pl\/kursy\/projektowanie\/kurs_canva_-_grafika_online_od_podstaw.html?ref=193865\"><img loading=\"lazy\" decoding=\"async\" src=\"https:\/\/zarabiamonline.com\/wp-content\/uploads\/2023\/01\/kurs_canva_-_grafika_online_od_podstaw.png\" alt=\"\" class=\"wp-image-338\" width=\"401\" height=\"401\" srcset=\"https:\/\/zarabiamonline.com\/wp-content\/uploads\/2023\/01\/kurs_canva_-_grafika_online_od_podstaw.png 250w, https:\/\/zarabiamonline.com\/wp-content\/uploads\/2023\/01\/kurs_canva_-_grafika_online_od_podstaw-150x150.png 150w\" sizes=\"auto, (max-width: 401px) 100vw, 401px\" \/><\/a><\/figure>\n\n\n\n<p><strong>Canva &#8211; grafika online od podstaw<\/strong><\/p>\n\n\n\n<div class=\"wp-block-buttons is-layout-flex wp-block-buttons-is-layout-flex\">\n<div class=\"wp-block-button is-style-outline is-style-outline--3\"><a class=\"wp-block-button__link wp-element-button\" href=\"https:\/\/strefakursow.pl\/kursy\/projektowanie\/kurs_canva_-_grafika_online_od_podstaw.html?ref=193865\"><strong><mark style=\"background-color:rgba(0, 0, 0, 0)\" class=\"has-inline-color has-vivid-red-color\">Czytaj wi\u0119cej&#8230;<\/mark><\/strong><\/a><\/div>\n<\/div>\n<\/div>\n\n\n\n<div class=\"wp-block-column is-layout-flow wp-block-column-is-layout-flow\">\n<figure class=\"wp-block-image size-full is-resized\"><a href=\"https:\/\/strefakursow.pl\/kursy\/projektowanie\/kurs_gimp_w_biznesie_i_marketingu.html?ref=193865\"><img loading=\"lazy\" decoding=\"async\" src=\"https:\/\/zarabiamonline.com\/wp-content\/uploads\/2023\/01\/kurs_gimp_w_biznesie_i_marketingu.png\" alt=\"\" class=\"wp-image-356\" width=\"401\" height=\"401\" srcset=\"https:\/\/zarabiamonline.com\/wp-content\/uploads\/2023\/01\/kurs_gimp_w_biznesie_i_marketingu.png 250w, https:\/\/zarabiamonline.com\/wp-content\/uploads\/2023\/01\/kurs_gimp_w_biznesie_i_marketingu-150x150.png 150w\" sizes=\"auto, (max-width: 401px) 100vw, 401px\" \/><\/a><\/figure>\n\n\n\n<p><strong>GIMP w biznesie i marketingu<\/strong><\/p>\n\n\n\n<div class=\"wp-block-buttons is-layout-flex wp-block-buttons-is-layout-flex\">\n<div class=\"wp-block-button is-style-outline is-style-outline--4\"><a class=\"wp-block-button__link wp-element-button\" href=\"https:\/\/strefakursow.pl\/kursy\/projektowanie\/kurs_gimp_w_biznesie_i_marketingu.html?ref=193865\"><strong><mark style=\"background-color:rgba(0, 0, 0, 0)\" class=\"has-inline-color has-vivid-red-color\">Czytaj wi\u0119cej&#8230;<\/mark><\/strong><\/a><\/div>\n<\/div>\n<\/div>\n<\/div>\n\n\n\n<div class=\"wp-block-columns is-layout-flex wp-container-core-columns-is-layout-9d6595d7 wp-block-columns-is-layout-flex\">\n<div class=\"wp-block-column is-layout-flow wp-block-column-is-layout-flow\">\n<figure class=\"wp-block-image size-full is-resized\"><a href=\"https:\/\/strefakursow.pl\/kursy\/programowanie\/wlasna_aplikacja_-_od_pomyslu_do_zarabiania.html?ref=193865\"><img loading=\"lazy\" decoding=\"async\" src=\"https:\/\/zarabiamonline.com\/wp-content\/uploads\/2023\/01\/wlasna_aplikacja_od_pomyslu_do_zarabiania-1.png\" alt=\"\" class=\"wp-image-382\" width=\"401\" height=\"401\" srcset=\"https:\/\/zarabiamonline.com\/wp-content\/uploads\/2023\/01\/wlasna_aplikacja_od_pomyslu_do_zarabiania-1.png 250w, https:\/\/zarabiamonline.com\/wp-content\/uploads\/2023\/01\/wlasna_aplikacja_od_pomyslu_do_zarabiania-1-150x150.png 150w\" sizes=\"auto, (max-width: 401px) 100vw, 401px\" \/><\/a><\/figure>\n\n\n\n<p><strong>W\u0142asna aplikacja od pomys\u0142u do zarabiania<\/strong><\/p>\n\n\n\n<div class=\"wp-block-buttons is-layout-flex wp-block-buttons-is-layout-flex\">\n<div class=\"wp-block-button is-style-outline is-style-outline--5\"><a class=\"wp-block-button__link wp-element-button\" href=\"https:\/\/strefakursow.pl\/kursy\/programowanie\/wlasna_aplikacja_-_od_pomyslu_do_zarabiania.html?ref=193865\"><strong><mark style=\"background-color:rgba(0, 0, 0, 0)\" class=\"has-inline-color has-vivid-red-color\">Czytaj wi\u0119cej&#8230;<\/mark><\/strong><\/a><\/div>\n<\/div>\n<\/div>\n\n\n\n<div class=\"wp-block-column is-layout-flow wp-block-column-is-layout-flow\">\n<figure class=\"wp-block-image size-full is-resized\"><a href=\"https:\/\/strefakursow.pl\/kursy\/projektowanie\/kurs_photoshop_w_biznesie_i_marketingu.html?ref=193865\"><img loading=\"lazy\" decoding=\"async\" src=\"https:\/\/zarabiamonline.com\/wp-content\/uploads\/2023\/01\/photoshop_w_biznesie_i_marketingu.png\" alt=\"\" class=\"wp-image-392\" width=\"401\" height=\"401\" srcset=\"https:\/\/zarabiamonline.com\/wp-content\/uploads\/2023\/01\/photoshop_w_biznesie_i_marketingu.png 250w, https:\/\/zarabiamonline.com\/wp-content\/uploads\/2023\/01\/photoshop_w_biznesie_i_marketingu-150x150.png 150w\" sizes=\"auto, (max-width: 401px) 100vw, 401px\" \/><\/a><\/figure>\n\n\n\n<p><strong>Photoshop w biznesie i marketingu<\/strong><\/p>\n\n\n\n<div class=\"wp-block-buttons is-layout-flex wp-block-buttons-is-layout-flex\">\n<div class=\"wp-block-button is-style-outline is-style-outline--6\"><a class=\"wp-block-button__link wp-element-button\" href=\"https:\/\/strefakursow.pl\/kursy\/projektowanie\/kurs_photoshop_w_biznesie_i_marketingu.html?ref=193865\"><strong><mark style=\"background-color:rgba(0, 0, 0, 0)\" class=\"has-inline-color has-vivid-red-color\">Czytaj wi\u0119cej&#8230;<\/mark><\/strong><\/a><\/div>\n<\/div>\n<\/div>\n<\/div>\n\n\n\n<div class=\"wp-block-columns is-layout-flex wp-container-core-columns-is-layout-9d6595d7 wp-block-columns-is-layout-flex\">\n<div class=\"wp-block-column is-layout-flow wp-block-column-is-layout-flow\">\n<figure class=\"wp-block-image size-full is-resized\"><a href=\"https:\/\/strefakursow.pl\/kursy\/projektowanie\/projektowanie_wnetrz_-_wizualizacja_kuchni.html?ref=193865\"><img loading=\"lazy\" decoding=\"async\" src=\"https:\/\/zarabiamonline.com\/wp-content\/uploads\/2023\/01\/Projektowanie_wnetrz_wizualizacja_kuchni.png\" alt=\"\" class=\"wp-image-398\" width=\"403\" height=\"403\" srcset=\"https:\/\/zarabiamonline.com\/wp-content\/uploads\/2023\/01\/Projektowanie_wnetrz_wizualizacja_kuchni.png 250w, https:\/\/zarabiamonline.com\/wp-content\/uploads\/2023\/01\/Projektowanie_wnetrz_wizualizacja_kuchni-150x150.png 150w\" sizes=\"auto, (max-width: 403px) 100vw, 403px\" \/><\/a><\/figure>\n\n\n\n<p><strong>Projektowanie wn\u0119trz &#8211; wizualizacja kuchni<\/strong><\/p>\n\n\n\n<div class=\"wp-block-buttons is-layout-flex wp-block-buttons-is-layout-flex\">\n<div class=\"wp-block-button is-style-outline is-style-outline--7\"><a class=\"wp-block-button__link wp-element-button\" href=\"https:\/\/strefakursow.pl\/kursy\/projektowanie\/projektowanie_wnetrz_-_wizualizacja_kuchni.html?ref=193865\"><strong><mark style=\"background-color:rgba(0, 0, 0, 0)\" class=\"has-inline-color has-vivid-red-color\">Czytaj wi\u0119cej&#8230;<\/mark><\/strong><\/a><\/div>\n<\/div>\n<\/div>\n\n\n\n<div class=\"wp-block-column is-layout-flow wp-block-column-is-layout-flow\">\n<figure class=\"wp-block-image size-full is-resized\"><a href=\"https:\/\/strefakursow.pl\/kursy\/projektowanie\/wizualizacja_architektury_-_praktyczne_projekty.html?ref=193865\"><img loading=\"lazy\" decoding=\"async\" src=\"https:\/\/zarabiamonline.com\/wp-content\/uploads\/2023\/01\/wizualizacja_architektury_projekty.png\" alt=\"\" class=\"wp-image-406\" width=\"402\" height=\"402\" srcset=\"https:\/\/zarabiamonline.com\/wp-content\/uploads\/2023\/01\/wizualizacja_architektury_projekty.png 250w, https:\/\/zarabiamonline.com\/wp-content\/uploads\/2023\/01\/wizualizacja_architektury_projekty-150x150.png 150w\" sizes=\"auto, (max-width: 402px) 100vw, 402px\" \/><\/a><\/figure>\n\n\n\n<p><strong>Wizualizacja architektury &#8211; praktyczne projekty<\/strong><\/p>\n\n\n\n<div class=\"wp-block-buttons is-layout-flex wp-block-buttons-is-layout-flex\">\n<div class=\"wp-block-button is-style-outline is-style-outline--8\"><a class=\"wp-block-button__link wp-element-button\" href=\"https:\/\/strefakursow.pl\/kursy\/projektowanie\/wizualizacja_architektury_-_praktyczne_projekty.html?ref=193865\"><strong><mark style=\"background-color:rgba(0, 0, 0, 0)\" class=\"has-inline-color has-vivid-red-color\">Czytaj wi\u0119cej&#8230;<\/mark><\/strong><\/a><\/div>\n<\/div>\n<\/div>\n<\/div>\n\n\n\n<div class=\"wp-block-columns is-layout-flex wp-container-core-columns-is-layout-9d6595d7 wp-block-columns-is-layout-flex\">\n<div class=\"wp-block-column is-layout-flow wp-block-column-is-layout-flow\">\n<figure class=\"wp-block-image size-full is-resized\"><a href=\"https:\/\/strefakursow.pl\/kursy\/projektowanie\/wizualizacja_produktow_-_praktyczne_projekty.html?ref=193865\"><img loading=\"lazy\" decoding=\"async\" src=\"https:\/\/zarabiamonline.com\/wp-content\/uploads\/2023\/01\/wizualizacja_produktow.png\" alt=\"\" class=\"wp-image-422\" width=\"402\" height=\"402\" srcset=\"https:\/\/zarabiamonline.com\/wp-content\/uploads\/2023\/01\/wizualizacja_produktow.png 250w, https:\/\/zarabiamonline.com\/wp-content\/uploads\/2023\/01\/wizualizacja_produktow-150x150.png 150w\" sizes=\"auto, (max-width: 402px) 100vw, 402px\" \/><\/a><\/figure>\n\n\n\n<p><strong>Wizualizacja produkt\u00f3w praktyczne projekty<\/strong><\/p>\n\n\n\n<div class=\"wp-block-buttons is-layout-flex wp-block-buttons-is-layout-flex\">\n<div class=\"wp-block-button is-style-outline is-style-outline--9\"><a class=\"wp-block-button__link wp-element-button\" href=\"https:\/\/strefakursow.pl\/kursy\/projektowanie\/wizualizacja_produktow_-_praktyczne_projekty.html?ref=193865\"><strong><mark style=\"background-color:rgba(0, 0, 0, 0)\" class=\"has-inline-color has-vivid-red-color\">Czytaj wi\u0119cej&#8230;<\/mark><\/strong><\/a><\/div>\n<\/div>\n<\/div>\n\n\n\n<div class=\"wp-block-column is-layout-flow wp-block-column-is-layout-flow\">\n<figure class=\"wp-block-image size-full is-resized\"><a href=\"https:\/\/strefakursow.pl\/kursy\/projektowanie\/kurs_illustrator_cc_od_podstaw.html?ref=193865\"><img loading=\"lazy\" decoding=\"async\" src=\"https:\/\/zarabiamonline.com\/wp-content\/uploads\/2023\/01\/Kurs_Illustrator_CC_od_podstaw.png\" alt=\"\" class=\"wp-image-430\" width=\"402\" height=\"402\" srcset=\"https:\/\/zarabiamonline.com\/wp-content\/uploads\/2023\/01\/Kurs_Illustrator_CC_od_podstaw.png 250w, https:\/\/zarabiamonline.com\/wp-content\/uploads\/2023\/01\/Kurs_Illustrator_CC_od_podstaw-150x150.png 150w\" sizes=\"auto, (max-width: 402px) 100vw, 402px\" \/><\/a><\/figure>\n\n\n\n<p><strong>Illustator CC od podstaw<\/strong><\/p>\n\n\n\n<div class=\"wp-block-buttons is-layout-flex wp-block-buttons-is-layout-flex\">\n<div class=\"wp-block-button is-style-outline is-style-outline--10\"><a class=\"wp-block-button__link wp-element-button\" href=\"https:\/\/strefakursow.pl\/kursy\/projektowanie\/kurs_illustrator_cc_od_podstaw.html?ref=193865\"><strong><mark style=\"background-color:rgba(0, 0, 0, 0)\" class=\"has-inline-color has-vivid-red-color\">Czytaj wi\u0119cej&#8230;<\/mark><\/strong><\/a><\/div>\n<\/div>\n<\/div>\n<\/div>\n","protected":false},"excerpt":{"rendered":"<p>Dzi\u0119ki kursom prezentowanym poni\u017cej zdob\u0119dziesz niezb\u0119dn\u0105 wiedz\u0119 i umiej\u0119tno\u015bci aby zacz\u0105\u0107 prac\u0119 online. Wszystkie kursy s\u0105 w formie filmu i zosta\u0142y opracowane przez ekspert\u00f3w z danej dziedziny. Mo\u017cesz zdobywa\u0107 wiedz\u0119 i umiej\u0119tno\u015bci kiedy chcesz i gdzie chcesz. Figma &#8211; podstawy projektowania interfejs\u00f3w Rysunek cyfrowy &#8211; od koncepcji do publikacji Canva &#8211; grafika online od podstaw [&hellip;]<\/p>\n","protected":false},"author":1,"featured_media":0,"parent":0,"menu_order":0,"comment_status":"closed","ping_status":"closed","template":"","meta":{"footnotes":""},"class_list":["post-502","page","type-page","status-publish","hentry"],"_links":{"self":[{"href":"https:\/\/zarabiamonline.com\/index.php\/wp-json\/wp\/v2\/pages\/502","targetHints":{"allow":["GET"]}}],"collection":[{"href":"https:\/\/zarabiamonline.com\/index.php\/wp-json\/wp\/v2\/pages"}],"about":[{"href":"https:\/\/zarabiamonline.com\/index.php\/wp-json\/wp\/v2\/types\/page"}],"author":[{"embeddable":true,"href":"https:\/\/zarabiamonline.com\/index.php\/wp-json\/wp\/v2\/users\/1"}],"replies":[{"embeddable":true,"href":"https:\/\/zarabiamonline.com\/index.php\/wp-json\/wp\/v2\/comments?post=502"}],"version-history":[{"count":11,"href":"https:\/\/zarabiamonline.com\/index.php\/wp-json\/wp\/v2\/pages\/502\/revisions"}],"predecessor-version":[{"id":687,"href":"https:\/\/zarabiamonline.com\/index.php\/wp-json\/wp\/v2\/pages\/502\/revisions\/687"}],"wp:attachment":[{"href":"https:\/\/zarabiamonline.com\/index.php\/wp-json\/wp\/v2\/media?parent=502"}],"curies":[{"name":"wp","href":"https:\/\/api.w.org\/{rel}","templated":true}]}}