{"id":508,"date":"2023-01-21T17:25:28","date_gmt":"2023-01-21T16:25:28","guid":{"rendered":"http:\/\/zarabiamonline.com\/?page_id=508"},"modified":"2023-01-22T14:34:58","modified_gmt":"2023-01-22T13:34:58","slug":"rozwoj-osobisty","status":"publish","type":"page","link":"https:\/\/zarabiamonline.com\/index.php\/rozwoj-osobisty\/","title":{"rendered":"Rozw\u00f3j osobisty"},"content":{"rendered":"\n<p>Dzi\u0119ki kursom prezentowanym poni\u017cej zdob\u0119dziesz niezb\u0119dn\u0105 wiedz\u0119 i umiej\u0119tno\u015bci aby zacz\u0105\u0107 prac\u0119 online. Wszystkie kursy s\u0105 w formie filmu i zosta\u0142y opracowane przez ekspert\u00f3w z danej dziedziny. Mo\u017cesz zdobywa\u0107 wiedz\u0119 i umiej\u0119tno\u015bci kiedy chcesz i gdzie chcesz.<\/p>\n\n\n\n<hr class=\"wp-block-separator has-alpha-channel-opacity\"\/>\n\n\n\n<div class=\"wp-block-columns is-layout-flex wp-container-core-columns-is-layout-9d6595d7 wp-block-columns-is-layout-flex\">\n<div class=\"wp-block-column is-layout-flow wp-block-column-is-layout-flow\">\n<figure class=\"wp-block-image size-full is-resized\"><a href=\"https:\/\/strefakursow.pl\/kursy\/rozwoj_osobisty\/kurs_inteligencja_emocjonalna_-_jak_radzic_sobie_z_emocjami.html?ref=193865\"><img loading=\"lazy\" decoding=\"async\" src=\"https:\/\/zarabiamonline.com\/wp-content\/uploads\/2023\/01\/kurs_inteligencja_emocjonalna_-_jak_radzic_sobie_z_emocjami.png\" alt=\"\" class=\"wp-image-765\" width=\"403\" height=\"405\" srcset=\"https:\/\/zarabiamonline.com\/wp-content\/uploads\/2023\/01\/kurs_inteligencja_emocjonalna_-_jak_radzic_sobie_z_emocjami.png 250w, https:\/\/zarabiamonline.com\/wp-content\/uploads\/2023\/01\/kurs_inteligencja_emocjonalna_-_jak_radzic_sobie_z_emocjami-150x150.png 150w\" sizes=\"auto, (max-width: 403px) 100vw, 403px\" \/><\/a><\/figure>\n\n\n\n<p><strong>Inteligencja emocjonalna &#8211; jak radzi\u0107 sobie z emocjami<\/strong><\/p>\n\n\n\n<div class=\"wp-block-buttons is-layout-flex wp-block-buttons-is-layout-flex\">\n<div class=\"wp-block-button is-style-outline is-style-outline--1\"><a class=\"wp-block-button__link wp-element-button\" href=\"https:\/\/strefakursow.pl\/kursy\/rozwoj_osobisty\/kurs_inteligencja_emocjonalna_-_jak_radzic_sobie_z_emocjami.html?ref=193865\"><strong><mark style=\"background-color:rgba(0, 0, 0, 0)\" class=\"has-inline-color has-vivid-red-color\">Czytaj wi\u0119cej&#8230;<\/mark><\/strong><\/a><\/div>\n<\/div>\n<\/div>\n\n\n\n<div class=\"wp-block-column is-layout-flow wp-block-column-is-layout-flow\">\n<figure class=\"wp-block-image size-full is-resized\"><a href=\"https:\/\/strefakursow.pl\/kursy\/rozwoj_osobisty\/kurs_jak_zbudowac_pewnosc_siebie_i_poczucie_wlasnej_wartosci.html?ref=193865\"><img loading=\"lazy\" decoding=\"async\" src=\"https:\/\/zarabiamonline.com\/wp-content\/uploads\/2023\/01\/kurs_jak_zbudowac_pewnosc_siebie_i_poczucie_wlasnej_wartosci.jpg\" alt=\"\" class=\"wp-image-767\" width=\"402\" height=\"402\" srcset=\"https:\/\/zarabiamonline.com\/wp-content\/uploads\/2023\/01\/kurs_jak_zbudowac_pewnosc_siebie_i_poczucie_wlasnej_wartosci.jpg 250w, https:\/\/zarabiamonline.com\/wp-content\/uploads\/2023\/01\/kurs_jak_zbudowac_pewnosc_siebie_i_poczucie_wlasnej_wartosci-150x150.jpg 150w\" sizes=\"auto, (max-width: 402px) 100vw, 402px\" \/><\/a><\/figure>\n\n\n\n<p><strong>Jak zbudowa\u0107 pewno\u015b\u0107 siebie i poczucie w\u0142asnej warto\u015bci<\/strong><\/p>\n\n\n\n<div class=\"wp-block-buttons is-layout-flex wp-block-buttons-is-layout-flex\">\n<div class=\"wp-block-button is-style-outline is-style-outline--2\"><a class=\"wp-block-button__link wp-element-button\" href=\"https:\/\/strefakursow.pl\/kursy\/rozwoj_osobisty\/kurs_jak_zbudowac_pewnosc_siebie_i_poczucie_wlasnej_wartosci.html?ref=193865\"><strong><mark style=\"background-color:rgba(0, 0, 0, 0)\" class=\"has-inline-color has-vivid-red-color\">Czytaj wi\u0119cej&#8230;<\/mark><\/strong><\/a><\/div>\n<\/div>\n<\/div>\n<\/div>\n\n\n\n<div class=\"wp-block-columns is-layout-flex wp-container-core-columns-is-layout-9d6595d7 wp-block-columns-is-layout-flex\">\n<div class=\"wp-block-column is-layout-flow wp-block-column-is-layout-flow\">\n<figure class=\"wp-block-image size-full is-resized\"><a href=\"https:\/\/strefakursow.pl\/kursy\/rozwoj_osobisty\/kurs_jak_byc_asertywnym_-_sztuka_wyrazania_wlasnego_zdania_i_emocji.html?ref=193865\"><img loading=\"lazy\" decoding=\"async\" src=\"https:\/\/zarabiamonline.com\/wp-content\/uploads\/2023\/01\/kurs_jak_byc_asertywnym_-_sztuka_wyrazania_wlasnego_zdania_i_emocji.jpg\" alt=\"\" class=\"wp-image-771\" width=\"401\" height=\"401\" srcset=\"https:\/\/zarabiamonline.com\/wp-content\/uploads\/2023\/01\/kurs_jak_byc_asertywnym_-_sztuka_wyrazania_wlasnego_zdania_i_emocji.jpg 250w, https:\/\/zarabiamonline.com\/wp-content\/uploads\/2023\/01\/kurs_jak_byc_asertywnym_-_sztuka_wyrazania_wlasnego_zdania_i_emocji-150x150.jpg 150w\" sizes=\"auto, (max-width: 401px) 100vw, 401px\" \/><\/a><\/figure>\n\n\n\n<p><strong>Jak by\u0107 asertywnym &#8211; sztuka wyra\u017cania w\u0142asnego zdania i emocji<\/strong><\/p>\n\n\n\n<div class=\"wp-block-buttons is-layout-flex wp-block-buttons-is-layout-flex\">\n<div class=\"wp-block-button is-style-outline is-style-outline--3\"><a class=\"wp-block-button__link wp-element-button\" href=\"https:\/\/strefakursow.pl\/kursy\/rozwoj_osobisty\/kurs_jak_byc_asertywnym_-_sztuka_wyrazania_wlasnego_zdania_i_emocji.html?ref=193865\"><strong><mark style=\"background-color:rgba(0, 0, 0, 0)\" class=\"has-inline-color has-vivid-red-color\">Czytaj wi\u0119cej&#8230;<\/mark><\/strong><\/a><\/div>\n<\/div>\n<\/div>\n\n\n\n<div class=\"wp-block-column is-layout-flow wp-block-column-is-layout-flow\">\n<figure class=\"wp-block-image size-full is-resized\"><a href=\"https:\/\/strefakursow.pl\/kursy\/rozwoj_osobisty\/kurs_jak_skutecznie_planowac_i_realizowac_cele.html?ref=193865\"><img loading=\"lazy\" decoding=\"async\" src=\"https:\/\/zarabiamonline.com\/wp-content\/uploads\/2023\/01\/kurs_jak_skutecznie_planowac_i_realizowac_cele.png\" alt=\"\" class=\"wp-image-773\" width=\"402\" height=\"402\" srcset=\"https:\/\/zarabiamonline.com\/wp-content\/uploads\/2023\/01\/kurs_jak_skutecznie_planowac_i_realizowac_cele.png 250w, https:\/\/zarabiamonline.com\/wp-content\/uploads\/2023\/01\/kurs_jak_skutecznie_planowac_i_realizowac_cele-150x150.png 150w\" sizes=\"auto, (max-width: 402px) 100vw, 402px\" \/><\/a><\/figure>\n\n\n\n<p><strong>Jak skutecznie planowa\u0107 i realizowa\u0107 cele<\/strong><\/p>\n\n\n\n<div class=\"wp-block-buttons is-layout-flex wp-block-buttons-is-layout-flex\">\n<div class=\"wp-block-button is-style-outline is-style-outline--4\"><a class=\"wp-block-button__link wp-element-button\" href=\"https:\/\/strefakursow.pl\/kursy\/rozwoj_osobisty\/kurs_jak_skutecznie_planowac_i_realizowac_cele.html?ref=193865\"><strong><mark style=\"background-color:rgba(0, 0, 0, 0)\" class=\"has-inline-color has-vivid-red-color\">Czytaj wi\u0119cej&#8230;<\/mark><\/strong><\/a><\/div>\n<\/div>\n<\/div>\n<\/div>\n\n\n\n<div class=\"wp-block-columns is-layout-flex wp-container-core-columns-is-layout-9d6595d7 wp-block-columns-is-layout-flex\">\n<div class=\"wp-block-column is-layout-flow wp-block-column-is-layout-flow\">\n<figure class=\"wp-block-image size-full is-resized\"><a href=\"https:\/\/strefakursow.pl\/kursy\/rozwoj_osobisty\/kurs_jak_radzic_sobie_ze_stresem_i_kontrolowac_emocje.html?ref=193865\"><img loading=\"lazy\" decoding=\"async\" src=\"https:\/\/zarabiamonline.com\/wp-content\/uploads\/2023\/01\/kurs_jak_radzic_sobie_ze_stresem_i_kontrolowac_emocje.png\" alt=\"\" class=\"wp-image-777\" width=\"403\" height=\"403\" srcset=\"https:\/\/zarabiamonline.com\/wp-content\/uploads\/2023\/01\/kurs_jak_radzic_sobie_ze_stresem_i_kontrolowac_emocje.png 250w, https:\/\/zarabiamonline.com\/wp-content\/uploads\/2023\/01\/kurs_jak_radzic_sobie_ze_stresem_i_kontrolowac_emocje-150x150.png 150w\" sizes=\"auto, (max-width: 403px) 100vw, 403px\" \/><\/a><\/figure>\n\n\n\n<p><strong>Jak radzi\u0107 sobie ze stresem i kontrolowa\u0107 emocje<\/strong><\/p>\n\n\n\n<div class=\"wp-block-buttons is-layout-flex wp-block-buttons-is-layout-flex\">\n<div class=\"wp-block-button is-style-outline is-style-outline--5\"><a class=\"wp-block-button__link wp-element-button\" href=\"https:\/\/strefakursow.pl\/kursy\/rozwoj_osobisty\/kurs_jak_radzic_sobie_ze_stresem_i_kontrolowac_emocje.html?ref=193865\"><strong><mark style=\"background-color:rgba(0, 0, 0, 0)\" class=\"has-inline-color has-vivid-red-color\">Czytaj wi\u0119cej&#8230;<\/mark><\/strong><\/a><\/div>\n<\/div>\n<\/div>\n\n\n\n<div class=\"wp-block-column is-layout-flow wp-block-column-is-layout-flow\">\n<figure class=\"wp-block-image size-full is-resized\"><a href=\"https:\/\/strefakursow.pl\/kursy\/rozwoj_osobisty\/kurs_jak_budowac_wizerunek_-_skuteczne_techniki_autoprezentacji.html?ref=193865\"><img loading=\"lazy\" decoding=\"async\" src=\"https:\/\/zarabiamonline.com\/wp-content\/uploads\/2023\/01\/kurs_jak_budowac_wizerunek_-_skuteczne_techniki_autoprezentacji.png\" alt=\"\" class=\"wp-image-779\" width=\"402\" height=\"402\" srcset=\"https:\/\/zarabiamonline.com\/wp-content\/uploads\/2023\/01\/kurs_jak_budowac_wizerunek_-_skuteczne_techniki_autoprezentacji.png 250w, https:\/\/zarabiamonline.com\/wp-content\/uploads\/2023\/01\/kurs_jak_budowac_wizerunek_-_skuteczne_techniki_autoprezentacji-150x150.png 150w\" sizes=\"auto, (max-width: 402px) 100vw, 402px\" \/><\/a><\/figure>\n\n\n\n<p><strong>Jak budowa\u0107 wizerunek &#8211; skuteczne techniki autoprezentacji<\/strong><\/p>\n\n\n\n<div class=\"wp-block-buttons is-layout-flex wp-block-buttons-is-layout-flex\">\n<div class=\"wp-block-button is-style-outline is-style-outline--6\"><a class=\"wp-block-button__link wp-element-button\" href=\"https:\/\/strefakursow.pl\/kursy\/rozwoj_osobisty\/kurs_jak_budowac_wizerunek_-_skuteczne_techniki_autoprezentacji.html?ref=193865\"><strong><mark style=\"background-color:rgba(0, 0, 0, 0)\" class=\"has-inline-color has-vivid-red-color\">Czytaj wi\u0119cej&#8230;<\/mark><\/strong><\/a><\/div>\n<\/div>\n<\/div>\n<\/div>\n","protected":false},"excerpt":{"rendered":"<p>Dzi\u0119ki kursom prezentowanym poni\u017cej zdob\u0119dziesz niezb\u0119dn\u0105 wiedz\u0119 i umiej\u0119tno\u015bci aby zacz\u0105\u0107 prac\u0119 online. Wszystkie kursy s\u0105 w formie filmu i zosta\u0142y opracowane przez ekspert\u00f3w z danej dziedziny. Mo\u017cesz zdobywa\u0107 wiedz\u0119 i umiej\u0119tno\u015bci kiedy chcesz i gdzie chcesz. Inteligencja emocjonalna &#8211; jak radzi\u0107 sobie z emocjami Jak zbudowa\u0107 pewno\u015b\u0107 siebie i poczucie w\u0142asnej warto\u015bci Jak by\u0107 [&hellip;]<\/p>\n","protected":false},"author":1,"featured_media":0,"parent":0,"menu_order":0,"comment_status":"closed","ping_status":"closed","template":"","meta":{"footnotes":""},"class_list":["post-508","page","type-page","status-publish","hentry"],"_links":{"self":[{"href":"https:\/\/zarabiamonline.com\/index.php\/wp-json\/wp\/v2\/pages\/508","targetHints":{"allow":["GET"]}}],"collection":[{"href":"https:\/\/zarabiamonline.com\/index.php\/wp-json\/wp\/v2\/pages"}],"about":[{"href":"https:\/\/zarabiamonline.com\/index.php\/wp-json\/wp\/v2\/types\/page"}],"author":[{"embeddable":true,"href":"https:\/\/zarabiamonline.com\/index.php\/wp-json\/wp\/v2\/users\/1"}],"replies":[{"embeddable":true,"href":"https:\/\/zarabiamonline.com\/index.php\/wp-json\/wp\/v2\/comments?post=508"}],"version-history":[{"count":8,"href":"https:\/\/zarabiamonline.com\/index.php\/wp-json\/wp\/v2\/pages\/508\/revisions"}],"predecessor-version":[{"id":781,"href":"https:\/\/zarabiamonline.com\/index.php\/wp-json\/wp\/v2\/pages\/508\/revisions\/781"}],"wp:attachment":[{"href":"https:\/\/zarabiamonline.com\/index.php\/wp-json\/wp\/v2\/media?parent=508"}],"curies":[{"name":"wp","href":"https:\/\/api.w.org\/{rel}","templated":true}]}}